{"id":2755,"date":"2025-06-12T01:55:01","date_gmt":"2025-06-12T01:55:01","guid":{"rendered":"https:\/\/queencncmachinery.com\/about-2\/"},"modified":"2025-11-28T07:58:06","modified_gmt":"2025-11-28T07:58:06","slug":"about-2","status":"publish","type":"page","link":"https:\/\/www.queencncmachinery.com\/es\/about-2\/","title":{"rendered":"Acerca de"},"content":{"rendered":"<div data-elementor-type=\"wp-page\" data-elementor-id=\"2755\" class=\"elementor elementor-2755\" data-elementor-post-type=\"page\">\n\t\t\t\t<div class=\"elementor-element elementor-element-71a8720f e-flex e-con-boxed e-con e-parent\" data-id=\"71a8720f\" data-element_type=\"container\" data-e-type=\"container\" data-settings=\"{&quot;background_background&quot;:&quot;classic&quot;}\">\n\t\t\t\t\t<div class=\"e-con-inner\">\n\t\t<div class=\"elementor-element elementor-element-71718be6 e-flex e-con-boxed e-con e-child\" data-id=\"71718be6\" data-element_type=\"container\" data-e-type=\"container\">\n\t\t\t\t\t<div class=\"e-con-inner\">\n\t\t\t\t<div class=\"elementor-element elementor-element-37ae7859 elementor-widget elementor-widget-heading\" data-id=\"37ae7859\" data-element_type=\"widget\" data-e-type=\"widget\" data-widget_type=\"heading.default\">\n\t\t\t\t<div class=\"elementor-widget-container\">\n\t\t\t\t\t<h1 class=\"elementor-heading-title elementor-size-default\">Acerca de<\/h1>\t\t\t\t<\/div>\n\t\t\t\t<\/div>\n\t\t\t\t<div class=\"elementor-element elementor-element-5613a66d elementor-widget elementor-widget-heading\" data-id=\"5613a66d\" data-element_type=\"widget\" data-e-type=\"widget\" data-widget_type=\"heading.default\">\n\t\t\t\t<div class=\"elementor-widget-container\">\n\t\t\t\t\t<h4 class=\"elementor-heading-title elementor-size-default\">Seremos su proveedor de confianza con productos de calidad y un servicio eficaz.<\/h4>\t\t\t\t<\/div>\n\t\t\t\t<\/div>\n\t\t\t\t\t<\/div>\n\t\t\t\t<\/div>\n\t\t\t\t\t<\/div>\n\t\t\t\t<\/div>\n\t\t<div class=\"elementor-element elementor-element-4c451dd2 e-flex e-con-boxed e-con e-parent\" data-id=\"4c451dd2\" data-element_type=\"container\" data-e-type=\"container\">\n\t\t\t\t\t<div class=\"e-con-inner\">\n\t\t<div class=\"elementor-element elementor-element-61b2f309 e-con-full e-flex e-con e-child\" data-id=\"61b2f309\" data-element_type=\"container\" data-e-type=\"container\">\n\t\t\t\t<div class=\"elementor-element elementor-element-5ac6110c elementor-widget elementor-widget-heading\" data-id=\"5ac6110c\" data-element_type=\"widget\" data-e-type=\"widget\" data-widget_type=\"heading.default\">\n\t\t\t\t<div class=\"elementor-widget-container\">\n\t\t\t\t\t<h6 class=\"elementor-heading-title elementor-size-default\">Qui\u00e9nes somos<\/h6>\t\t\t\t<\/div>\n\t\t\t\t<\/div>\n\t\t\t\t<div class=\"elementor-element elementor-element-3596673d elementor-widget elementor-widget-heading\" data-id=\"3596673d\" data-element_type=\"widget\" data-e-type=\"widget\" data-widget_type=\"heading.default\">\n\t\t\t\t<div class=\"elementor-widget-container\">\n\t\t\t\t\t<h2 class=\"elementor-heading-title elementor-size-default\">Su socio de confianza y visionario en maquinaria CNC<\/h2>\t\t\t\t<\/div>\n\t\t\t\t<\/div>\n\t\t\t\t<div class=\"elementor-element elementor-element-64d10950 elementor-widget elementor-widget-text-editor\" data-id=\"64d10950\" data-element_type=\"widget\" data-e-type=\"widget\" data-widget_type=\"text-editor.default\">\n\t\t\t\t<div class=\"elementor-widget-container\">\n\t\t\t\t\t\t\t\t\t<p>Jinan Queen CNC Machinery Co.,ltd se especializa en router CNC, m\u00e1quina l\u00e1ser, m\u00e1quina de corte de cuchillo oscilante cnc, m\u00e1quinas de espuma y otra maquinaria CNC.<br \/>Los productos Queen CNC&amp; Laser se exportan a muchos pa\u00edses como Turqu\u00eda , Canad\u00e1 , Inglaterra, Austria, M\u00e9xico,Espa\u00f1a, Rusia, Brasil, Argentina, Per\u00fa,Irak,India, etc.<\/p><p>Somos experimentados para la industria del CNC m\u00e1s de 16 a\u00f1os, continuaremos ofreciendo las m\u00e1quinas de gama alta con precio competitivo.<\/p><p>Buscando a todos los clientes para nuestra cooperaci\u00f3n ganar-ganar.<\/p>\t\t\t\t\t\t\t\t<\/div>\n\t\t\t\t<\/div>\n\t\t\t\t<\/div>\n\t\t<div class=\"elementor-element elementor-element-39cd8386 e-con-full e-flex e-con e-child\" data-id=\"39cd8386\" data-element_type=\"container\" data-e-type=\"container\">\n\t\t\t\t<div class=\"elementor-element elementor-element-375f2511 elementor-widget elementor-widget-image\" data-id=\"375f2511\" data-element_type=\"widget\" data-e-type=\"widget\" data-widget_type=\"image.default\">\n\t\t\t\t<div class=\"elementor-widget-container\">\n\t\t\t\t\t\t\t\t\t\t\t\t\t\t\t<img alt=\"\" fetchpriority=\"high\" decoding=\"async\" width=\"2048\" height=\"1536\" src=\"https:\/\/www.queencncmachinery.com\/wp-content\/uploads\/2025\/11\/details-2.jpg\" class=\"attachment-full size-full wp-image-3479\" srcset=\"https:\/\/www.queencncmachinery.com\/wp-content\/uploads\/2025\/11\/details-2.jpg 2048w, https:\/\/www.queencncmachinery.com\/wp-content\/uploads\/2025\/11\/details-2-800x600.jpg 800w, https:\/\/www.queencncmachinery.com\/wp-content\/uploads\/2025\/11\/details-2-300x225.jpg 300w, https:\/\/www.queencncmachinery.com\/wp-content\/uploads\/2025\/11\/details-2-1024x768.jpg 1024w, https:\/\/www.queencncmachinery.com\/wp-content\/uploads\/2025\/11\/details-2-768x576.jpg 768w, https:\/\/www.queencncmachinery.com\/wp-content\/uploads\/2025\/11\/details-2-1536x1152.jpg 1536w, https:\/\/www.queencncmachinery.com\/wp-content\/uploads\/2025\/11\/details-2-16x12.jpg 16w\" sizes=\"(max-width: 2048px) 100vw, 2048px\" \/>\t\t\t\t\t\t\t\t\t\t\t\t\t\t\t<\/div>\n\t\t\t\t<\/div>\n\t\t<div class=\"elementor-element elementor-element-23c3b8d8 e-flex e-con-boxed e-con e-child\" data-id=\"23c3b8d8\" data-element_type=\"container\" data-e-type=\"container\" data-settings=\"{&quot;background_background&quot;:&quot;gradient&quot;}\">\n\t\t\t\t\t<div class=\"e-con-inner\">\n\t\t\t\t<div class=\"elementor-element elementor-element-c777f8 elementor-widget__width-initial elementor-widget elementor-widget-counter\" data-id=\"c777f8\" data-element_type=\"widget\" data-e-type=\"widget\" data-widget_type=\"counter.default\">\n\t\t\t\t<div class=\"elementor-widget-container\">\n\t\t\t\t\t\t\t<div class=\"elementor-counter\">\n\t\t\t<div class=\"elementor-counter-title\">A\u00f1os de experiencia<\/div>\t\t\t<div class=\"elementor-counter-number-wrapper\">\n\t\t\t\t<span class=\"elementor-counter-number-prefix\"><\/span>\n\t\t\t\t<span class=\"elementor-counter-number\" data-duration=\"2000\" data-to-value=\"16\" data-from-value=\"0\" data-delimiter=\",\">0<\/span>\n\t\t\t\t<span class=\"elementor-counter-number-suffix\">+<\/span>\n\t\t\t<\/div>\n\t\t<\/div>\n\t\t\t\t\t\t<\/div>\n\t\t\t\t<\/div>\n\t\t\t\t<div class=\"elementor-element elementor-element-1369d5da elementor-widget__width-initial elementor-icon-list--layout-traditional elementor-list-item-link-full_width elementor-widget elementor-widget-icon-list\" data-id=\"1369d5da\" data-element_type=\"widget\" data-e-type=\"widget\" data-widget_type=\"icon-list.default\">\n\t\t\t\t<div class=\"elementor-widget-container\">\n\t\t\t\t\t\t\t<ul class=\"elementor-icon-list-items\">\n\t\t\t\t\t\t\t<li class=\"elementor-icon-list-item\">\n\t\t\t\t\t\t\t\t\t\t\t<span class=\"elementor-icon-list-icon\">\n\t\t\t\t\t\t\t<i aria-hidden=\"true\" class=\"mdi mdi-check-circle\"><\/i>\t\t\t\t\t\t<\/span>\n\t\t\t\t\t\t\t\t\t\t<span class=\"elementor-icon-list-text\">Soporte OEM<\/span>\n\t\t\t\t\t\t\t\t\t<\/li>\n\t\t\t\t\t\t\t\t<li class=\"elementor-icon-list-item\">\n\t\t\t\t\t\t\t\t\t\t\t<span class=\"elementor-icon-list-icon\">\n\t\t\t\t\t\t\t<i aria-hidden=\"true\" class=\"mdi mdi-check-circle\"><\/i>\t\t\t\t\t\t<\/span>\n\t\t\t\t\t\t\t\t\t\t<span class=\"elementor-icon-list-text\">M\u00e1quinas personalizadas seg\u00fan sus necesidades<\/span>\n\t\t\t\t\t\t\t\t\t<\/li>\n\t\t\t\t\t\t\t\t<li class=\"elementor-icon-list-item\">\n\t\t\t\t\t\t\t\t\t\t\t<span class=\"elementor-icon-list-icon\">\n\t\t\t\t\t\t\t<i aria-hidden=\"true\" class=\"mdi mdi-check-circle\"><\/i>\t\t\t\t\t\t<\/span>\n\t\t\t\t\t\t\t\t\t\t<span class=\"elementor-icon-list-text\">Proteger los dise\u00f1os de las m\u00e1quinas para todos los agentes<\/span>\n\t\t\t\t\t\t\t\t\t<\/li>\n\t\t\t\t\t\t<\/ul>\n\t\t\t\t\t\t<\/div>\n\t\t\t\t<\/div>\n\t\t\t\t\t<\/div>\n\t\t\t\t<\/div>\n\t\t\t\t<\/div>\n\t\t\t\t\t<\/div>\n\t\t\t\t<\/div>\n\t\t<div class=\"elementor-element elementor-element-5db4849a e-flex e-con-boxed e-con e-parent\" data-id=\"5db4849a\" data-element_type=\"container\" data-e-type=\"container\" data-settings=\"{&quot;background_background&quot;:&quot;gradient&quot;}\">\n\t\t\t\t\t<div class=\"e-con-inner\">\n\t\t<div class=\"elementor-element elementor-element-9e77c10 e-con-full e-flex e-con e-child\" data-id=\"9e77c10\" data-element_type=\"container\" data-e-type=\"container\">\n\t\t<div class=\"elementor-element elementor-element-d17c2e6 e-con-full e-flex e-con e-child\" data-id=\"d17c2e6\" data-element_type=\"container\" data-e-type=\"container\">\n\t\t\t\t<div class=\"elementor-element elementor-element-a49b87d elementor-widget elementor-widget-image\" data-id=\"a49b87d\" data-element_type=\"widget\" data-e-type=\"widget\" data-widget_type=\"image.default\">\n\t\t\t\t<div class=\"elementor-widget-container\">\n\t\t\t\t\t\t\t\t\t\t\t\t\t\t\t<img alt=\"\" decoding=\"async\" width=\"650\" height=\"650\" src=\"https:\/\/www.queencncmachinery.com\/wp-content\/uploads\/2025\/11\/1-1.jpg\" class=\"attachment-large size-large wp-image-3923\" srcset=\"https:\/\/www.queencncmachinery.com\/wp-content\/uploads\/2025\/11\/1-1.jpg 650w, https:\/\/www.queencncmachinery.com\/wp-content\/uploads\/2025\/11\/1-1-300x300.jpg 300w, https:\/\/www.queencncmachinery.com\/wp-content\/uploads\/2025\/11\/1-1-150x150.jpg 150w, https:\/\/www.queencncmachinery.com\/wp-content\/uploads\/2025\/11\/1-1-12x12.jpg 12w, https:\/\/www.queencncmachinery.com\/wp-content\/uploads\/2025\/11\/1-1-100x100.jpg 100w\" sizes=\"(max-width: 650px) 100vw, 650px\" \/>\t\t\t\t\t\t\t\t\t\t\t\t\t\t\t<\/div>\n\t\t\t\t<\/div>\n\t\t\t\t<div class=\"elementor-element elementor-element-962ed7c elementor-widget elementor-widget-icon-box\" data-id=\"962ed7c\" data-element_type=\"widget\" data-e-type=\"widget\" data-widget_type=\"icon-box.default\">\n\t\t\t\t<div class=\"elementor-widget-container\">\n\t\t\t\t\t\t\t<div class=\"elementor-icon-box-wrapper\">\n\n\t\t\t\n\t\t\t\t\t\t<div class=\"elementor-icon-box-content\">\n\n\t\t\t\t\t\t\t\t\t<div class=\"elementor-icon-box-title\">\n\t\t\t\t\t\t<span  >\n\t\t\t\t\t\t\tFRESADORAS CNC\t\t\t\t\t\t<\/span>\n\t\t\t\t\t<\/div>\n\t\t\t\t\n\t\t\t\t\t\t\t\t\t<p class=\"elementor-icon-box-description\">\n\t\t\t\t\t\tProfesional para muebles y adversting industria, trabajando en madera, acr\u00edlico, piedra, PVC, aluminio, piedra y as\u00ed sucesivamente.\t\t\t\t\t<\/p>\n\t\t\t\t\n\t\t\t<\/div>\n\t\t\t\n\t\t<\/div>\n\t\t\t\t\t\t<\/div>\n\t\t\t\t<\/div>\n\t\t\t\t<div class=\"elementor-element elementor-element-de2f43d elementor-widget elementor-widget-button\" data-id=\"de2f43d\" data-element_type=\"widget\" data-e-type=\"widget\" data-widget_type=\"button.default\">\n\t\t\t\t<div class=\"elementor-widget-container\">\n\t\t\t\t\t\t\t\t\t<div class=\"elementor-button-wrapper\">\n\t\t\t\t\t<a class=\"elementor-button elementor-button-link elementor-size-xs\" href=\"https:\/\/www.queencncmachinery.com\/es\/categoria-producto\/products\/cnc-routers\/\">\n\t\t\t\t\t\t<span class=\"elementor-button-content-wrapper\">\n\t\t\t\t\t\t\t\t\t<span class=\"elementor-button-text\">M\u00e1s informaci\u00f3n<\/span>\n\t\t\t\t\t<\/span>\n\t\t\t\t\t<\/a>\n\t\t\t\t<\/div>\n\t\t\t\t\t\t\t\t<\/div>\n\t\t\t\t<\/div>\n\t\t\t\t<\/div>\n\t\t<div class=\"elementor-element elementor-element-56f6dc3 e-con-full e-flex e-con e-child\" data-id=\"56f6dc3\" data-element_type=\"container\" data-e-type=\"container\">\n\t\t\t\t<div class=\"elementor-element elementor-element-65cd81d elementor-widget elementor-widget-image\" data-id=\"65cd81d\" data-element_type=\"widget\" data-e-type=\"widget\" data-widget_type=\"image.default\">\n\t\t\t\t<div class=\"elementor-widget-container\">\n\t\t\t\t\t\t\t\t\t\t\t\t\t\t\t<img alt=\"\" decoding=\"async\" width=\"650\" height=\"650\" src=\"https:\/\/www.queencncmachinery.com\/wp-content\/uploads\/2025\/11\/2-1.jpg\" class=\"attachment-large size-large wp-image-3924\" srcset=\"https:\/\/www.queencncmachinery.com\/wp-content\/uploads\/2025\/11\/2-1.jpg 650w, https:\/\/www.queencncmachinery.com\/wp-content\/uploads\/2025\/11\/2-1-300x300.jpg 300w, https:\/\/www.queencncmachinery.com\/wp-content\/uploads\/2025\/11\/2-1-150x150.jpg 150w, https:\/\/www.queencncmachinery.com\/wp-content\/uploads\/2025\/11\/2-1-12x12.jpg 12w, https:\/\/www.queencncmachinery.com\/wp-content\/uploads\/2025\/11\/2-1-100x100.jpg 100w\" sizes=\"(max-width: 650px) 100vw, 650px\" \/>\t\t\t\t\t\t\t\t\t\t\t\t\t\t\t<\/div>\n\t\t\t\t<\/div>\n\t\t\t\t<div class=\"elementor-element elementor-element-54291ac elementor-widget elementor-widget-icon-box\" data-id=\"54291ac\" data-element_type=\"widget\" data-e-type=\"widget\" data-widget_type=\"icon-box.default\">\n\t\t\t\t<div class=\"elementor-widget-container\">\n\t\t\t\t\t\t\t<div class=\"elementor-icon-box-wrapper\">\n\n\t\t\t\n\t\t\t\t\t\t<div class=\"elementor-icon-box-content\">\n\n\t\t\t\t\t\t\t\t\t<div class=\"elementor-icon-box-title\">\n\t\t\t\t\t\t<span  >\n\t\t\t\t\t\t\tM\u00c1QUINA L\u00c1SER\t\t\t\t\t\t<\/span>\n\t\t\t\t\t<\/div>\n\t\t\t\t\n\t\t\t\t\t\t\t\t\t<p class=\"elementor-icon-box-description\">\n\t\t\t\t\t\tEl corte por fibra es para el corte de metales, el CO2 es para el corte y grabado de no metales.\t\t\t\t\t<\/p>\n\t\t\t\t\n\t\t\t<\/div>\n\t\t\t\n\t\t<\/div>\n\t\t\t\t\t\t<\/div>\n\t\t\t\t<\/div>\n\t\t\t\t<div class=\"elementor-element elementor-element-791b189 elementor-widget elementor-widget-button\" data-id=\"791b189\" data-element_type=\"widget\" data-e-type=\"widget\" data-widget_type=\"button.default\">\n\t\t\t\t<div class=\"elementor-widget-container\">\n\t\t\t\t\t\t\t\t\t<div class=\"elementor-button-wrapper\">\n\t\t\t\t\t<a class=\"elementor-button elementor-button-link elementor-size-xs\" href=\"https:\/\/www.queencncmachinery.com\/es\/categoria-producto\/products\/laser-machine\/\">\n\t\t\t\t\t\t<span class=\"elementor-button-content-wrapper\">\n\t\t\t\t\t\t\t\t\t<span class=\"elementor-button-text\">M\u00e1s informaci\u00f3n<\/span>\n\t\t\t\t\t<\/span>\n\t\t\t\t\t<\/a>\n\t\t\t\t<\/div>\n\t\t\t\t\t\t\t\t<\/div>\n\t\t\t\t<\/div>\n\t\t\t\t<\/div>\n\t\t<div class=\"elementor-element elementor-element-3d47c42 e-con-full e-flex e-con e-child\" data-id=\"3d47c42\" data-element_type=\"container\" data-e-type=\"container\">\n\t\t\t\t<div class=\"elementor-element elementor-element-8468a98 elementor-widget elementor-widget-image\" data-id=\"8468a98\" data-element_type=\"widget\" data-e-type=\"widget\" data-widget_type=\"image.default\">\n\t\t\t\t<div class=\"elementor-widget-container\">\n\t\t\t\t\t\t\t\t\t\t\t\t\t\t\t<img alt=\"\" loading=\"lazy\" decoding=\"async\" width=\"650\" height=\"650\" src=\"https:\/\/www.queencncmachinery.com\/wp-content\/uploads\/2025\/11\/3-1.jpg\" class=\"attachment-large size-large wp-image-3925\" srcset=\"https:\/\/www.queencncmachinery.com\/wp-content\/uploads\/2025\/11\/3-1.jpg 650w, https:\/\/www.queencncmachinery.com\/wp-content\/uploads\/2025\/11\/3-1-300x300.jpg 300w, https:\/\/www.queencncmachinery.com\/wp-content\/uploads\/2025\/11\/3-1-150x150.jpg 150w, https:\/\/www.queencncmachinery.com\/wp-content\/uploads\/2025\/11\/3-1-12x12.jpg 12w, https:\/\/www.queencncmachinery.com\/wp-content\/uploads\/2025\/11\/3-1-100x100.jpg 100w\" sizes=\"(max-width: 650px) 100vw, 650px\" \/>\t\t\t\t\t\t\t\t\t\t\t\t\t\t\t<\/div>\n\t\t\t\t<\/div>\n\t\t\t\t<div class=\"elementor-element elementor-element-9e0ba64 elementor-widget elementor-widget-icon-box\" data-id=\"9e0ba64\" data-element_type=\"widget\" data-e-type=\"widget\" data-widget_type=\"icon-box.default\">\n\t\t\t\t<div class=\"elementor-widget-container\">\n\t\t\t\t\t\t\t<div class=\"elementor-icon-box-wrapper\">\n\n\t\t\t\n\t\t\t\t\t\t<div class=\"elementor-icon-box-content\">\n\n\t\t\t\t\t\t\t\t\t<div class=\"elementor-icon-box-title\">\n\t\t\t\t\t\t<span  >\n\t\t\t\t\t\t\tM\u00c1QUINA DE CORTE DE CUCHILLAS OSCILANTES CNC\t\t\t\t\t\t<\/span>\n\t\t\t\t\t<\/div>\n\t\t\t\t\n\t\t\t\t\t\t\t\t\t<p class=\"elementor-icon-box-description\">\n\t\t\t\t\t\tEspecial para el corte de materiales blandos, tales como tela, Eva, cuero, caucho, alfombra, cart\u00f3n, pegatina y as\u00ed sucesivamente.\t\t\t\t\t<\/p>\n\t\t\t\t\n\t\t\t<\/div>\n\t\t\t\n\t\t<\/div>\n\t\t\t\t\t\t<\/div>\n\t\t\t\t<\/div>\n\t\t\t\t<div class=\"elementor-element elementor-element-32db005 elementor-widget elementor-widget-button\" data-id=\"32db005\" data-element_type=\"widget\" data-e-type=\"widget\" data-widget_type=\"button.default\">\n\t\t\t\t<div class=\"elementor-widget-container\">\n\t\t\t\t\t\t\t\t\t<div class=\"elementor-button-wrapper\">\n\t\t\t\t\t<a class=\"elementor-button elementor-button-link elementor-size-xs\" href=\"https:\/\/www.queencncmachinery.com\/es\/categoria-producto\/products\/foam-machines\/\">\n\t\t\t\t\t\t<span class=\"elementor-button-content-wrapper\">\n\t\t\t\t\t\t\t\t\t<span class=\"elementor-button-text\">M\u00e1s informaci\u00f3n<\/span>\n\t\t\t\t\t<\/span>\n\t\t\t\t\t<\/a>\n\t\t\t\t<\/div>\n\t\t\t\t\t\t\t\t<\/div>\n\t\t\t\t<\/div>\n\t\t\t\t<\/div>\n\t\t<div class=\"elementor-element elementor-element-024b9b5 e-con-full e-flex e-con e-child\" data-id=\"024b9b5\" data-element_type=\"container\" data-e-type=\"container\">\n\t\t\t\t<div class=\"elementor-element elementor-element-627248a elementor-widget elementor-widget-image\" data-id=\"627248a\" data-element_type=\"widget\" data-e-type=\"widget\" data-widget_type=\"image.default\">\n\t\t\t\t<div class=\"elementor-widget-container\">\n\t\t\t\t\t\t\t\t\t\t\t\t\t\t\t<img alt=\"\" loading=\"lazy\" decoding=\"async\" width=\"650\" height=\"650\" src=\"https:\/\/www.queencncmachinery.com\/wp-content\/uploads\/2025\/11\/4.jpg\" class=\"attachment-large size-large wp-image-3926\" srcset=\"https:\/\/www.queencncmachinery.com\/wp-content\/uploads\/2025\/11\/4.jpg 650w, https:\/\/www.queencncmachinery.com\/wp-content\/uploads\/2025\/11\/4-300x300.jpg 300w, https:\/\/www.queencncmachinery.com\/wp-content\/uploads\/2025\/11\/4-150x150.jpg 150w, https:\/\/www.queencncmachinery.com\/wp-content\/uploads\/2025\/11\/4-12x12.jpg 12w, https:\/\/www.queencncmachinery.com\/wp-content\/uploads\/2025\/11\/4-100x100.jpg 100w\" sizes=\"(max-width: 650px) 100vw, 650px\" \/>\t\t\t\t\t\t\t\t\t\t\t\t\t\t\t<\/div>\n\t\t\t\t<\/div>\n\t\t\t\t<div class=\"elementor-element elementor-element-e427b50 elementor-widget elementor-widget-icon-box\" data-id=\"e427b50\" data-element_type=\"widget\" data-e-type=\"widget\" data-widget_type=\"icon-box.default\">\n\t\t\t\t<div class=\"elementor-widget-container\">\n\t\t\t\t\t\t\t<div class=\"elementor-icon-box-wrapper\">\n\n\t\t\t\n\t\t\t\t\t\t<div class=\"elementor-icon-box-content\">\n\n\t\t\t\t\t\t\t\t\t<div class=\"elementor-icon-box-title\">\n\t\t\t\t\t\t<span  >\n\t\t\t\t\t\t\tM\u00c1QUINAS DE ESPUMA\t\t\t\t\t\t<\/span>\n\t\t\t\t\t<\/div>\n\t\t\t\t\n\t\t\t\t\t\t\t\t\t<p class=\"elementor-icon-box-description\">\n\t\t\t\t\t\tEspecial para corte y grabado de espuma.\t\t\t\t\t<\/p>\n\t\t\t\t\n\t\t\t<\/div>\n\t\t\t\n\t\t<\/div>\n\t\t\t\t\t\t<\/div>\n\t\t\t\t<\/div>\n\t\t\t\t<div class=\"elementor-element elementor-element-c6c9fa8 elementor-widget elementor-widget-button\" data-id=\"c6c9fa8\" data-element_type=\"widget\" data-e-type=\"widget\" data-widget_type=\"button.default\">\n\t\t\t\t<div class=\"elementor-widget-container\">\n\t\t\t\t\t\t\t\t\t<div class=\"elementor-button-wrapper\">\n\t\t\t\t\t<a class=\"elementor-button elementor-button-link elementor-size-xs\" href=\"https:\/\/www.queencncmachinery.com\/es\/categoria-producto\/products\/cnc-oscillating-knife-cutting-machine\/\">\n\t\t\t\t\t\t<span class=\"elementor-button-content-wrapper\">\n\t\t\t\t\t\t\t\t\t<span class=\"elementor-button-text\">M\u00e1s informaci\u00f3n<\/span>\n\t\t\t\t\t<\/span>\n\t\t\t\t\t<\/a>\n\t\t\t\t<\/div>\n\t\t\t\t\t\t\t\t<\/div>\n\t\t\t\t<\/div>\n\t\t\t\t<\/div>\n\t\t\t\t<\/div>\n\t\t\t\t\t<\/div>\n\t\t\t\t<\/div>\n\t\t\t\t<\/div>","protected":false},"excerpt":{"rendered":"<p>We will be your reliable supplier with qualited products and efficient service! Who We Are Your Trusted and Visionary Partner in CNC Machinery Jinan Queen CNC Machinery Co.,ltd is specialized in CNC router,laser machine,cnc oscillating knife cutting machine,foam machines and other\u00a0CNC machinery.Queen CNC&amp; Laser products are exported to many countries including Turkey , Canada , [&hellip;]<\/p>","protected":false},"author":1,"featured_media":0,"parent":0,"menu_order":0,"comment_status":"closed","ping_status":"closed","template":"","meta":{"_seopress_robots_primary_cat":"","_seopress_titles_title":"","_seopress_titles_desc":"","_seopress_robots_index":"","_uag_custom_page_level_css":"","site-sidebar-layout":"no-sidebar","site-content-layout":"plain-container","ast-site-content-layout":"full-width-container","site-content-style":"default","site-sidebar-style":"default","ast-global-header-display":"","ast-banner-title-visibility":"","ast-main-header-display":"","ast-hfb-above-header-display":"","ast-hfb-below-header-display":"","ast-hfb-mobile-header-display":"","site-post-title":"","ast-breadcrumbs-content":"","ast-featured-img":"disabled","footer-sml-layout":"","ast-disable-related-posts":"","theme-transparent-header-meta":"enabled","adv-header-id-meta":"","stick-header-meta":"","header-above-stick-meta":"","header-main-stick-meta":"","header-below-stick-meta":"","astra-migrate-meta-layouts":"set","ast-page-background-enabled":"default","ast-page-background-meta":{"desktop":{"background-color":"","background-image":"","background-repeat":"repeat","background-position":"center center","background-size":"auto","background-attachment":"scroll","background-type":"","background-media":"","overlay-type":"","overlay-color":"","overlay-opacity":"","overlay-gradient":""},"tablet":{"background-color":"","background-image":"","background-repeat":"repeat","background-position":"center center","background-size":"auto","background-attachment":"scroll","background-type":"","background-media":"","overlay-type":"","overlay-color":"","overlay-opacity":"","overlay-gradient":""},"mobile":{"background-color":"","background-image":"","background-repeat":"repeat","background-position":"center center","background-size":"auto","background-attachment":"scroll","background-type":"","background-media":"","overlay-type":"","overlay-color":"","overlay-opacity":"","overlay-gradient":""}},"ast-content-background-meta":{"desktop":{"background-color":"var(--ast-global-color-5)","background-image":"","background-repeat":"repeat","background-position":"center center","background-size":"auto","background-attachment":"scroll","background-type":"","background-media":"","overlay-type":"","overlay-color":"","overlay-opacity":"","overlay-gradient":""},"tablet":{"background-color":"var(--ast-global-color-5)","background-image":"","background-repeat":"repeat","background-position":"center center","background-size":"auto","background-attachment":"scroll","background-type":"","background-media":"","overlay-type":"","overlay-color":"","overlay-opacity":"","overlay-gradient":""},"mobile":{"background-color":"var(--ast-global-color-5)","background-image":"","background-repeat":"repeat","background-position":"center center","background-size":"auto","background-attachment":"scroll","background-type":"","background-media":"","overlay-type":"","overlay-color":"","overlay-opacity":"","overlay-gradient":""}},"footnotes":""},"class_list":["post-2755","page","type-page","status-publish","hentry"],"uagb_featured_image_src":{"full":false,"thumbnail":false,"medium":false,"medium_large":false,"large":false,"1536x1536":false,"2048x2048":false,"trp-custom-language-flag":false,"woocommerce_thumbnail":false,"woocommerce_single":false,"woocommerce_gallery_thumbnail":false},"uagb_author_info":{"display_name":"jinxing6611@gmail.com","author_link":"https:\/\/www.queencncmachinery.com\/es\/author\/jinxing6611gmail-com\/"},"uagb_comment_info":0,"uagb_excerpt":"We will be your reliable supplier with qualited products and efficient service! Who We Are Your Trusted and Visionary Partner in CNC Machinery Jinan Queen CNC Machinery Co.,ltd is specialized in CNC router,laser machine,cnc oscillating knife cutting machine,foam machines and other\u00a0CNC machinery.Queen CNC&amp; Laser products are exported to many countries including Turkey , Canada ,&hellip;","_links":{"self":[{"href":"https:\/\/www.queencncmachinery.com\/es\/wp-json\/wp\/v2\/pages\/2755","targetHints":{"allow":["GET"]}}],"collection":[{"href":"https:\/\/www.queencncmachinery.com\/es\/wp-json\/wp\/v2\/pages"}],"about":[{"href":"https:\/\/www.queencncmachinery.com\/es\/wp-json\/wp\/v2\/types\/page"}],"author":[{"embeddable":true,"href":"https:\/\/www.queencncmachinery.com\/es\/wp-json\/wp\/v2\/users\/1"}],"replies":[{"embeddable":true,"href":"https:\/\/www.queencncmachinery.com\/es\/wp-json\/wp\/v2\/comments?post=2755"}],"version-history":[{"count":33,"href":"https:\/\/www.queencncmachinery.com\/es\/wp-json\/wp\/v2\/pages\/2755\/revisions"}],"predecessor-version":[{"id":4180,"href":"https:\/\/www.queencncmachinery.com\/es\/wp-json\/wp\/v2\/pages\/2755\/revisions\/4180"}],"wp:attachment":[{"href":"https:\/\/www.queencncmachinery.com\/es\/wp-json\/wp\/v2\/media?parent=2755"}],"curies":[{"name":"wp","href":"https:\/\/api.w.org\/{rel}","templated":true}]}}