{"id":4233,"date":"2025-12-19T03:56:56","date_gmt":"2025-12-19T03:56:56","guid":{"rendered":"https:\/\/www.queencncmachinery.com\/?post_type=product&#038;p=4233"},"modified":"2025-12-19T03:59:00","modified_gmt":"2025-12-19T03:59:00","slug":"nesting-atc-cnc-router-with-loading-and-unloading-table-and-labeling-and-drilling-bank-and-saw","status":"publish","type":"product","link":"https:\/\/www.queencncmachinery.com\/de\/produkt\/nesting-atc-cnc-router-with-loading-and-unloading-table-and-labeling-and-drilling-bank-and-saw\/","title":{"rendered":"Nesting ATC CNC Oberfr\u00e4se mit Be- und Entladetisch und Beschriftungs- und Bohrbank und S\u00e4ge"},"content":{"rendered":"<p><strong>Nesting ATC CNC Oberfr\u00e4se mit Be- und Entladetisch und Beschriftungs- und Bohrbank und S\u00e4ge<\/strong><\/p>\n<table>\n<tbody>\n<tr>\n<td width=\"333\">Modell (Option)<\/td>\n<td width=\"518\">QN1530L<\/td>\n<\/tr>\n<tr>\n<td width=\"333\">Arbeitsbereich X\uff0cY\uff0cZ-Achse<\/td>\n<td width=\"518\">1500*3000*200mm<\/td>\n<\/tr>\n<tr>\n<td width=\"333\">F\u00fchrungsschiene<\/td>\n<td width=\"518\">Taiwan30 T-Win Square guide linear rail<\/td>\n<\/tr>\n<tr>\n<td width=\"333\">X,Y-Struktur<\/td>\n<td width=\"518\">Hochpr\u00e4zises Zahnstangen-Ritzel-Getriebe<\/td>\n<\/tr>\n<tr>\n<td width=\"333\">Z-Achse<\/td>\n<td width=\"518\">TBI-Kugelumlaufspindel<\/td>\n<\/tr>\n<tr>\n<td width=\"333\">Kontrollsystem<\/td>\n<td width=\"518\">Syntec control system<\/td>\n<\/tr>\n<tr>\n<td width=\"333\">Gesamte Struktur<\/td>\n<td width=\"518\">Stahlguss<\/td>\n<\/tr>\n<tr>\n<td width=\"333\">Max. Leerlaufdrehzahl der Maschine<\/td>\n<td width=\"518\">70m\/min<\/td>\n<\/tr>\n<tr>\n<td width=\"333\">Max. Graviergeschwindigkeit<\/td>\n<td width=\"518\">30m\/min<\/td>\n<\/tr>\n<tr>\n<td width=\"333\">Maximale Schnittgeschwindigkeit<\/td>\n<td width=\"518\">20m\/min<\/td>\n<\/tr>\n<tr>\n<td width=\"333\">Aufl\u00f6sung<\/td>\n<td width=\"518\">0,01 mm<\/td>\n<\/tr>\n<tr>\n<td width=\"333\">Verarbeitungsgenauigkeit<\/td>\n<td width=\"518\">&lt;0,05mm<\/td>\n<\/tr>\n<tr>\n<td width=\"333\">Halten von Holz<\/td>\n<td width=\"518\">Vakuumabsorption (durch Ansaugen)<\/td>\n<\/tr>\n<tr>\n<td width=\"333\">Wettbewerbsf\u00e4hige Software<\/td>\n<td width=\"518\">AutoCAD,Artcam,Photoshop,Type3,Artcut,Ucancam,powermill<\/td>\n<\/tr>\n<tr>\n<td width=\"333\">Grafik im imagin\u00e4ren Format<\/td>\n<td width=\"518\">BMP,GIF,JPGE,PCX,TGA,TIFF,PTLCDR,DMG,DXF,<\/td>\n<\/tr>\n<tr>\n<td width=\"333\">Leistung der Spindel<\/td>\n<td width=\"518\">11KW HQD ATC air cooling spindle<\/td>\n<\/tr>\n<tr>\n<td width=\"333\">Drehgeschwindigkeit der Spindel<\/td>\n<td width=\"518\">6000-24000 Umdrehungen pro Minute<\/td>\n<\/tr>\n<tr>\n<td width=\"333\">Werkzeugmagazin<\/td>\n<td width=\"518\">Linear ATC system\u00a0,whit 16 pieces of cutters<\/td>\n<\/tr>\n<tr>\n<td width=\"333\">Drilling Block<\/td>\n<td width=\"518\">12 vertical drilling+4 Horizontal Drilling<\/td>\n<\/tr>\n<tr>\n<td width=\"333\">Durchmesser des Fr\u00e4sers<\/td>\n<td width=\"518\">\u03c63.175~\u03c620<\/td>\n<\/tr>\n<tr>\n<td width=\"333\">Antriebssystem<\/td>\n<td width=\"518\">1500W Leadshine servo system<\/td>\n<\/tr>\n<tr>\n<td width=\"333\">Sprache operieren<\/td>\n<td width=\"518\">G-Code,plt,mmg,uoo,bmp,F\/S<\/td>\n<\/tr>\n<tr>\n<td width=\"333\">Betriebsspannung<\/td>\n<td width=\"518\">AC380V\/50Hz oder 220V<\/td>\n<\/tr>\n<tr>\n<td width=\"333\">Laufende Umgebung<\/td>\n<td width=\"518\">Temperature:0-45;Humidity:30%~70%<\/td>\n<\/tr>\n<tr>\n<td width=\"333\">Mit optionalen Teilen<\/td>\n<td width=\"518\">Vakuum-Arbeitstisch, Staubabscheider<\/td>\n<\/tr>\n<tr>\n<td width=\"333\">Maschinenteile<\/td>\n<td width=\"518\">11kw\u00a0HQD\u00a0air cooled spindle<\/p>\n<p>Leadshine Servomotor und Treiber<\/p>\n<p>Syntec control system<\/p>\n<p>Taiwan 30 quadratische F\u00fchrungsschiene<\/p>\n<p>11KW Wechselrichter-Ausr\u00fcstung<\/p>\n<p>2 pcs of 7.5KW Dry vacuum pump\u00a0and vacuum worktable<\/p>\n<p>Automatisches \u00d6lschmiersystem<\/p>\n<p>automatische Werkzeugvermessung<\/p>\n<p>Shimpo Reduzierst\u00fcck<\/p>\n<p>16 tool holder and collets<\/p>\n<p>Staubabscheider 3kw<\/p>\n<p>Schaltkasten\/Schl\u00fcssel\/B\u00fcrste<\/td>\n<\/tr>\n<\/tbody>\n<\/table>\n<p>Nesting CNC Router Machine details:<\/p>\n<p><img alt=\"\" fetchpriority=\"high\" decoding=\"async\" class=\"alignnone size-full wp-image-4241\" src=\"https:\/\/www.queencncmachinery.com\/wp-content\/uploads\/2025\/12\/IMG_3783-scaled.jpg\" width=\"2560\" height=\"1920\" srcset=\"https:\/\/www.queencncmachinery.com\/wp-content\/uploads\/2025\/12\/IMG_3783-scaled.jpg 2560w, https:\/\/www.queencncmachinery.com\/wp-content\/uploads\/2025\/12\/IMG_3783-300x225.jpg 300w, https:\/\/www.queencncmachinery.com\/wp-content\/uploads\/2025\/12\/IMG_3783-1024x768.jpg 1024w, https:\/\/www.queencncmachinery.com\/wp-content\/uploads\/2025\/12\/IMG_3783-768x576.jpg 768w, https:\/\/www.queencncmachinery.com\/wp-content\/uploads\/2025\/12\/IMG_3783-1536x1152.jpg 1536w, https:\/\/www.queencncmachinery.com\/wp-content\/uploads\/2025\/12\/IMG_3783-2048x1536.jpg 2048w, https:\/\/www.queencncmachinery.com\/wp-content\/uploads\/2025\/12\/IMG_3783-16x12.jpg 16w, https:\/\/www.queencncmachinery.com\/wp-content\/uploads\/2025\/12\/IMG_3783-800x600.jpg 800w\" sizes=\"(max-width: 2560px) 100vw, 2560px\" \/> <img alt=\"\" decoding=\"async\" class=\"alignnone size-full wp-image-4242\" src=\"https:\/\/www.queencncmachinery.com\/wp-content\/uploads\/2025\/12\/IMG_3788-scaled.jpg\" width=\"2560\" height=\"1920\" srcset=\"https:\/\/www.queencncmachinery.com\/wp-content\/uploads\/2025\/12\/IMG_3788-scaled.jpg 2560w, https:\/\/www.queencncmachinery.com\/wp-content\/uploads\/2025\/12\/IMG_3788-300x225.jpg 300w, https:\/\/www.queencncmachinery.com\/wp-content\/uploads\/2025\/12\/IMG_3788-1024x768.jpg 1024w, https:\/\/www.queencncmachinery.com\/wp-content\/uploads\/2025\/12\/IMG_3788-768x576.jpg 768w, https:\/\/www.queencncmachinery.com\/wp-content\/uploads\/2025\/12\/IMG_3788-1536x1152.jpg 1536w, https:\/\/www.queencncmachinery.com\/wp-content\/uploads\/2025\/12\/IMG_3788-2048x1536.jpg 2048w, https:\/\/www.queencncmachinery.com\/wp-content\/uploads\/2025\/12\/IMG_3788-16x12.jpg 16w, https:\/\/www.queencncmachinery.com\/wp-content\/uploads\/2025\/12\/IMG_3788-800x600.jpg 800w\" sizes=\"(max-width: 2560px) 100vw, 2560px\" \/><img alt=\"\" decoding=\"async\" class=\"alignnone size-full wp-image-4240\" src=\"https:\/\/www.queencncmachinery.com\/wp-content\/uploads\/2025\/12\/IMG_3759-scaled.jpg\" width=\"2560\" height=\"1920\" srcset=\"https:\/\/www.queencncmachinery.com\/wp-content\/uploads\/2025\/12\/IMG_3759-scaled.jpg 2560w, https:\/\/www.queencncmachinery.com\/wp-content\/uploads\/2025\/12\/IMG_3759-300x225.jpg 300w, https:\/\/www.queencncmachinery.com\/wp-content\/uploads\/2025\/12\/IMG_3759-1024x768.jpg 1024w, https:\/\/www.queencncmachinery.com\/wp-content\/uploads\/2025\/12\/IMG_3759-768x576.jpg 768w, https:\/\/www.queencncmachinery.com\/wp-content\/uploads\/2025\/12\/IMG_3759-1536x1152.jpg 1536w, https:\/\/www.queencncmachinery.com\/wp-content\/uploads\/2025\/12\/IMG_3759-2048x1536.jpg 2048w, https:\/\/www.queencncmachinery.com\/wp-content\/uploads\/2025\/12\/IMG_3759-16x12.jpg 16w, https:\/\/www.queencncmachinery.com\/wp-content\/uploads\/2025\/12\/IMG_3759-800x600.jpg 800w\" sizes=\"(max-width: 2560px) 100vw, 2560px\" \/><img alt=\"\" loading=\"lazy\" decoding=\"async\" class=\"alignnone size-full wp-image-4239\" src=\"https:\/\/www.queencncmachinery.com\/wp-content\/uploads\/2025\/12\/IMG_3733-scaled.jpg\" width=\"2560\" height=\"1920\" srcset=\"https:\/\/www.queencncmachinery.com\/wp-content\/uploads\/2025\/12\/IMG_3733-scaled.jpg 2560w, https:\/\/www.queencncmachinery.com\/wp-content\/uploads\/2025\/12\/IMG_3733-300x225.jpg 300w, https:\/\/www.queencncmachinery.com\/wp-content\/uploads\/2025\/12\/IMG_3733-1024x768.jpg 1024w, https:\/\/www.queencncmachinery.com\/wp-content\/uploads\/2025\/12\/IMG_3733-768x576.jpg 768w, https:\/\/www.queencncmachinery.com\/wp-content\/uploads\/2025\/12\/IMG_3733-1536x1152.jpg 1536w, https:\/\/www.queencncmachinery.com\/wp-content\/uploads\/2025\/12\/IMG_3733-2048x1536.jpg 2048w, https:\/\/www.queencncmachinery.com\/wp-content\/uploads\/2025\/12\/IMG_3733-16x12.jpg 16w, https:\/\/www.queencncmachinery.com\/wp-content\/uploads\/2025\/12\/IMG_3733-800x600.jpg 800w\" sizes=\"(max-width: 2560px) 100vw, 2560px\" \/><img alt=\"\" loading=\"lazy\" decoding=\"async\" class=\"alignnone size-full wp-image-4238\" src=\"https:\/\/www.queencncmachinery.com\/wp-content\/uploads\/2025\/12\/IMG_3698-scaled.jpg\" width=\"2560\" height=\"1920\" srcset=\"https:\/\/www.queencncmachinery.com\/wp-content\/uploads\/2025\/12\/IMG_3698-scaled.jpg 2560w, https:\/\/www.queencncmachinery.com\/wp-content\/uploads\/2025\/12\/IMG_3698-300x225.jpg 300w, https:\/\/www.queencncmachinery.com\/wp-content\/uploads\/2025\/12\/IMG_3698-1024x768.jpg 1024w, https:\/\/www.queencncmachinery.com\/wp-content\/uploads\/2025\/12\/IMG_3698-768x576.jpg 768w, https:\/\/www.queencncmachinery.com\/wp-content\/uploads\/2025\/12\/IMG_3698-1536x1152.jpg 1536w, https:\/\/www.queencncmachinery.com\/wp-content\/uploads\/2025\/12\/IMG_3698-2048x1536.jpg 2048w, https:\/\/www.queencncmachinery.com\/wp-content\/uploads\/2025\/12\/IMG_3698-16x12.jpg 16w, https:\/\/www.queencncmachinery.com\/wp-content\/uploads\/2025\/12\/IMG_3698-800x600.jpg 800w\" sizes=\"(max-width: 2560px) 100vw, 2560px\" \/><!--more--><\/p>","protected":false},"excerpt":{"rendered":"<p>Nesting ATC CNC router with loading and unloading table and labeling and drilling bank and saw Model (option) QN1530L X\uff0cY\uff0cZ axis working area 1500*3000*200mm Guide rail Taiwan30 T-Win Square guide linear rail X,Y structure High-precision rack and pinion transmission Z axis TBI ball screw Control system Syntec control system Whole structure Cast steel Max Machine [&hellip;]<\/p>","protected":false},"featured_media":4236,"comment_status":"open","ping_status":"closed","template":"","meta":{"_seopress_robots_primary_cat":"none","_seopress_titles_title":"","_seopress_titles_desc":"","_seopress_robots_index":"","_uag_custom_page_level_css":"","site-sidebar-layout":"default","site-content-layout":"","ast-site-content-layout":"default","site-content-style":"default","site-sidebar-style":"default","ast-global-header-display":"","ast-banner-title-visibility":"","ast-main-header-display":"","ast-hfb-above-header-display":"","ast-hfb-below-header-display":"","ast-hfb-mobile-header-display":"","site-post-title":"","ast-breadcrumbs-content":"","ast-featured-img":"","footer-sml-layout":"","ast-disable-related-posts":"","theme-transparent-header-meta":"default","adv-header-id-meta":"","stick-header-meta":"default","header-above-stick-meta":"","header-main-stick-meta":"","header-below-stick-meta":"","astra-migrate-meta-layouts":"set","ast-page-background-enabled":"default","ast-page-background-meta":{"desktop":{"background-color":"","background-image":"","background-repeat":"repeat","background-position":"center center","background-size":"auto","background-attachment":"scroll","background-type":"","background-media":"","overlay-type":"","overlay-color":"","overlay-opacity":"","overlay-gradient":""},"tablet":{"background-color":"","background-image":"","background-repeat":"repeat","background-position":"center center","background-size":"auto","background-attachment":"scroll","background-type":"","background-media":"","overlay-type":"","overlay-color":"","overlay-opacity":"","overlay-gradient":""},"mobile":{"background-color":"","background-image":"","background-repeat":"repeat","background-position":"center center","background-size":"auto","background-attachment":"scroll","background-type":"","background-media":"","overlay-type":"","overlay-color":"","overlay-opacity":"","overlay-gradient":""}},"ast-content-background-meta":{"desktop":{"background-color":"var(--ast-global-color-5)","background-image":"","background-repeat":"repeat","background-position":"center center","background-size":"auto","background-attachment":"scroll","background-type":"","background-media":"","overlay-type":"","overlay-color":"","overlay-opacity":"","overlay-gradient":""},"tablet":{"background-color":"var(--ast-global-color-5)","background-image":"","background-repeat":"repeat","background-position":"center center","background-size":"auto","background-attachment":"scroll","background-type":"","background-media":"","overlay-type":"","overlay-color":"","overlay-opacity":"","overlay-gradient":""},"mobile":{"background-color":"var(--ast-global-color-5)","background-image":"","background-repeat":"repeat","background-position":"center center","background-size":"auto","background-attachment":"scroll","background-type":"","background-media":"","overlay-type":"","overlay-color":"","overlay-opacity":"","overlay-gradient":""}}},"product_brand":[],"product_cat":[74],"product_tag":[],"class_list":{"0":"post-4233","1":"product","2":"type-product","3":"status-publish","4":"has-post-thumbnail","6":"product_cat-atc-cnc-router","7":"desktop-align-left","8":"tablet-align-left","9":"mobile-align-left","10":"ast-product-gallery-layout-horizontal-slider","11":"ast-magnify-disabled","12":"ast-product-tabs-layout-distributed","14":"first","15":"instock","16":"shipping-taxable","17":"product-type-simple"},"uagb_featured_image_src":{"full":["https:\/\/www.queencncmachinery.com\/wp-content\/uploads\/2025\/12\/\u5fae\u4fe1\u56fe\u7247_20250616135652.png",1076,579,false],"thumbnail":["https:\/\/www.queencncmachinery.com\/wp-content\/uploads\/2025\/12\/\u5fae\u4fe1\u56fe\u7247_20250616135652-150x150.png",150,150,true],"medium":["https:\/\/www.queencncmachinery.com\/wp-content\/uploads\/2025\/12\/\u5fae\u4fe1\u56fe\u7247_20250616135652-300x161.png",300,161,true],"medium_large":["https:\/\/www.queencncmachinery.com\/wp-content\/uploads\/2025\/12\/\u5fae\u4fe1\u56fe\u7247_20250616135652-768x413.png",768,413,true],"large":["https:\/\/www.queencncmachinery.com\/wp-content\/uploads\/2025\/12\/\u5fae\u4fe1\u56fe\u7247_20250616135652-1024x551.png",1024,551,true],"1536x1536":["https:\/\/www.queencncmachinery.com\/wp-content\/uploads\/2025\/12\/\u5fae\u4fe1\u56fe\u7247_20250616135652.png",1076,579,false],"2048x2048":["https:\/\/www.queencncmachinery.com\/wp-content\/uploads\/2025\/12\/\u5fae\u4fe1\u56fe\u7247_20250616135652.png",1076,579,false],"trp-custom-language-flag":["https:\/\/www.queencncmachinery.com\/wp-content\/uploads\/2025\/12\/\u5fae\u4fe1\u56fe\u7247_20250616135652-18x10.png",18,10,true],"woocommerce_thumbnail":["https:\/\/www.queencncmachinery.com\/wp-content\/uploads\/2025\/12\/\u5fae\u4fe1\u56fe\u7247_20250616135652-800x430.png",800,430,true],"woocommerce_single":["https:\/\/www.queencncmachinery.com\/wp-content\/uploads\/2025\/12\/\u5fae\u4fe1\u56fe\u7247_20250616135652-800x430.png",800,430,true],"woocommerce_gallery_thumbnail":["https:\/\/www.queencncmachinery.com\/wp-content\/uploads\/2025\/12\/\u5fae\u4fe1\u56fe\u7247_20250616135652-100x100.png",100,100,true]},"uagb_author_info":{"display_name":"jinxing6611@gmail.com","author_link":"https:\/\/www.queencncmachinery.com\/de\/author\/"},"uagb_comment_info":0,"uagb_excerpt":"Nesting ATC CNC router with loading and unloading table and labeling and drilling bank and saw Model (option) QN1530L X\uff0cY\uff0cZ axis working area 1500*3000*200mm Guide rail Taiwan30 T-Win Square guide linear rail X,Y structure High-precision rack and pinion transmission Z axis TBI ball screw Control system Syntec control system Whole structure Cast steel Max Machine&hellip;","_links":{"self":[{"href":"https:\/\/www.queencncmachinery.com\/de\/wp-json\/wp\/v2\/product\/4233","targetHints":{"allow":["GET"]}}],"collection":[{"href":"https:\/\/www.queencncmachinery.com\/de\/wp-json\/wp\/v2\/product"}],"about":[{"href":"https:\/\/www.queencncmachinery.com\/de\/wp-json\/wp\/v2\/types\/product"}],"replies":[{"embeddable":true,"href":"https:\/\/www.queencncmachinery.com\/de\/wp-json\/wp\/v2\/comments?post=4233"}],"wp:featuredmedia":[{"embeddable":true,"href":"https:\/\/www.queencncmachinery.com\/de\/wp-json\/wp\/v2\/media\/4236"}],"wp:attachment":[{"href":"https:\/\/www.queencncmachinery.com\/de\/wp-json\/wp\/v2\/media?parent=4233"}],"wp:term":[{"taxonomy":"product_brand","embeddable":true,"href":"https:\/\/www.queencncmachinery.com\/de\/wp-json\/wp\/v2\/product_brand?post=4233"},{"taxonomy":"product_cat","embeddable":true,"href":"https:\/\/www.queencncmachinery.com\/de\/wp-json\/wp\/v2\/product_cat?post=4233"},{"taxonomy":"product_tag","embeddable":true,"href":"https:\/\/www.queencncmachinery.com\/de\/wp-json\/wp\/v2\/product_tag?post=4233"}],"curies":[{"name":"wp","href":"https:\/\/api.w.org\/{rel}","templated":true}]}}