{"id":3618,"date":"2025-11-04T14:00:54","date_gmt":"2025-11-04T14:00:54","guid":{"rendered":"https:\/\/www.queencncmachinery.com\/?post_type=product&#038;p=3618"},"modified":"2025-11-04T14:00:54","modified_gmt":"2025-11-04T14:00:54","slug":"qn1550-1500by5000mm-foam-cut","status":"publish","type":"product","link":"https:\/\/www.queencncmachinery.com\/de\/produkt\/qn1550-1500by5000mm-foam-cut\/","title":{"rendered":"QN1550 1500by5000mm Schaumstoffzuschnitt"},"content":{"rendered":"<table>\n<tbody>\n<tr>\n<td colspan=\"2\" width=\"558\"><strong>Beschreibung &amp; Spezifikationen:<\/strong><\/td>\n<\/tr>\n<tr>\n<td width=\"251\">X Arbeitsbereich<\/td>\n<td width=\"307\">1500mm<\/td>\n<\/tr>\n<tr>\n<td width=\"251\">Y Arbeitsbereich<\/td>\n<td width=\"307\">5000mm<\/td>\n<\/tr>\n<tr>\n<td width=\"251\">Z Arbeitsbereich<\/td>\n<td width=\"307\">1300mm<\/td>\n<\/tr>\n<tr>\n<td width=\"251\">Fahrende Positionierungsgenauigkeit<\/td>\n<td width=\"307\">\u00b10,5 mm<\/td>\n<\/tr>\n<tr>\n<td width=\"251\">Neupositionierung Positionierungsgenauigkeit<\/td>\n<td width=\"307\">\u00b10.2<em>mm<\/em><\/td>\n<\/tr>\n<tr>\n<td width=\"251\">Arbeitende dpi<\/td>\n<td width=\"307\">\u00b10,04 mm<\/td>\n<\/tr>\n<tr>\n<td width=\"251\">Rotationsgeschwindigkeit<\/td>\n<td width=\"307\">0-6000mm\/min<\/td>\n<\/tr>\n<tr>\n<td width=\"251\">Aufbau der Maschine<\/td>\n<td width=\"307\">Starker geschwei\u00dfter Stahl<\/td>\n<\/tr>\n<tr>\n<td width=\"251\">Befehl<\/td>\n<td width=\"307\">G-Code*.u00*.mmg*.plt<\/td>\n<\/tr>\n<tr>\n<td width=\"251\">Betriebsspannung<\/td>\n<td width=\"307\">AC220V50HZ\/380V<\/td>\n<\/tr>\n<tr>\n<td width=\"251\">Gewicht mit Verpackung<\/td>\n<td width=\"307\">900kgs<\/td>\n<\/tr>\n<tr>\n<td width=\"251\">Kontrollsystem<\/td>\n<td width=\"307\">Mach3-Steuerungssystem<\/td>\n<\/tr>\n<tr>\n<td width=\"251\">Software<\/td>\n<td width=\"307\">CAXACAD<\/td>\n<\/tr>\n<tr>\n<td width=\"251\">Spannungsregler<\/td>\n<td width=\"307\">1KVA-10KVA<\/td>\n<\/tr>\n<tr>\n<td width=\"251\">F\u00fchrungsschiene<\/td>\n<td width=\"307\">Taiwan Platzf\u00fchrer<\/td>\n<\/tr>\n<tr>\n<td width=\"251\">Fahrersystem<\/td>\n<td width=\"307\">Schrittmotor und Treiber<\/td>\n<\/tr>\n<tr>\n<td rowspan=\"2\" width=\"251\">Option<\/td>\n<td width=\"307\">Mehrere Dr\u00e4hte (Unterst\u00fctzung von bis zu 10 Dr\u00e4hten)<\/td>\n<\/tr>\n<tr>\n<td width=\"307\">Drehtisch<\/td>\n<\/tr>\n<\/tbody>\n<\/table>","protected":false},"excerpt":{"rendered":"<p>Description &amp; Specifications: X Working Area 1500mm Y Working Area 5000mm Z Working Area 1300mm Traveling Positioning Accuracy \u00b10.5mm Repositioning Positioning Accuracy \u00b10.2mm Working dpi \u00b10.04mm Rotating Speed 0-6000mm\/min Machine Structure Thick welded steel Command G-code*.u00*.mmg*.plt Working voltage AC220V50HZ\/380V Weight with package 900kgs Control System Mach3 control system Software CAXACAD Voltage Regulator 1KVA-10KVA Guide Rail [&hellip;]<\/p>","protected":false},"featured_media":3621,"comment_status":"open","ping_status":"closed","template":"","meta":{"_seopress_robots_primary_cat":"","_seopress_titles_title":"","_seopress_titles_desc":"","_seopress_robots_index":"","_uag_custom_page_level_css":"","site-sidebar-layout":"default","site-content-layout":"","ast-site-content-layout":"default","site-content-style":"default","site-sidebar-style":"default","ast-global-header-display":"","ast-banner-title-visibility":"","ast-main-header-display":"","ast-hfb-above-header-display":"","ast-hfb-below-header-display":"","ast-hfb-mobile-header-display":"","site-post-title":"","ast-breadcrumbs-content":"","ast-featured-img":"","footer-sml-layout":"","ast-disable-related-posts":"","theme-transparent-header-meta":"default","adv-header-id-meta":"","stick-header-meta":"default","header-above-stick-meta":"","header-main-stick-meta":"","header-below-stick-meta":"","astra-migrate-meta-layouts":"set","ast-page-background-enabled":"default","ast-page-background-meta":{"desktop":{"background-color":"","background-image":"","background-repeat":"repeat","background-position":"center center","background-size":"auto","background-attachment":"scroll","background-type":"","background-media":"","overlay-type":"","overlay-color":"","overlay-opacity":"","overlay-gradient":""},"tablet":{"background-color":"","background-image":"","background-repeat":"repeat","background-position":"center center","background-size":"auto","background-attachment":"scroll","background-type":"","background-media":"","overlay-type":"","overlay-color":"","overlay-opacity":"","overlay-gradient":""},"mobile":{"background-color":"","background-image":"","background-repeat":"repeat","background-position":"center center","background-size":"auto","background-attachment":"scroll","background-type":"","background-media":"","overlay-type":"","overlay-color":"","overlay-opacity":"","overlay-gradient":""}},"ast-content-background-meta":{"desktop":{"background-color":"var(--ast-global-color-5)","background-image":"","background-repeat":"repeat","background-position":"center center","background-size":"auto","background-attachment":"scroll","background-type":"","background-media":"","overlay-type":"","overlay-color":"","overlay-opacity":"","overlay-gradient":""},"tablet":{"background-color":"var(--ast-global-color-5)","background-image":"","background-repeat":"repeat","background-position":"center center","background-size":"auto","background-attachment":"scroll","background-type":"","background-media":"","overlay-type":"","overlay-color":"","overlay-opacity":"","overlay-gradient":""},"mobile":{"background-color":"var(--ast-global-color-5)","background-image":"","background-repeat":"repeat","background-position":"center center","background-size":"auto","background-attachment":"scroll","background-type":"","background-media":"","overlay-type":"","overlay-color":"","overlay-opacity":"","overlay-gradient":""}}},"product_brand":[],"product_cat":[84],"product_tag":[],"class_list":{"0":"post-3618","1":"product","2":"type-product","3":"status-publish","4":"has-post-thumbnail","6":"product_cat-hot-wire-foam-cutting-machine","7":"desktop-align-left","8":"tablet-align-left","9":"mobile-align-left","10":"ast-product-gallery-layout-horizontal-slider","11":"ast-product-gallery-with-no-image","12":"ast-magnify-disabled","13":"ast-product-tabs-layout-distributed","15":"first","16":"instock","17":"shipping-taxable","18":"product-type-simple"},"uagb_featured_image_src":{"full":["https:\/\/www.queencncmachinery.com\/wp-content\/uploads\/2025\/11\/\u5fae\u4fe1\u56fe\u7247_20220815171030.jpg",1702,1276,false],"thumbnail":["https:\/\/www.queencncmachinery.com\/wp-content\/uploads\/2025\/11\/\u5fae\u4fe1\u56fe\u7247_20220815171030-150x150.jpg",150,150,true],"medium":["https:\/\/www.queencncmachinery.com\/wp-content\/uploads\/2025\/11\/\u5fae\u4fe1\u56fe\u7247_20220815171030-300x225.jpg",300,225,true],"medium_large":["https:\/\/www.queencncmachinery.com\/wp-content\/uploads\/2025\/11\/\u5fae\u4fe1\u56fe\u7247_20220815171030-768x576.jpg",768,576,true],"large":["https:\/\/www.queencncmachinery.com\/wp-content\/uploads\/2025\/11\/\u5fae\u4fe1\u56fe\u7247_20220815171030-1024x768.jpg",1024,768,true],"1536x1536":["https:\/\/www.queencncmachinery.com\/wp-content\/uploads\/2025\/11\/\u5fae\u4fe1\u56fe\u7247_20220815171030-1536x1152.jpg",1536,1152,true],"2048x2048":["https:\/\/www.queencncmachinery.com\/wp-content\/uploads\/2025\/11\/\u5fae\u4fe1\u56fe\u7247_20220815171030.jpg",1702,1276,false],"trp-custom-language-flag":["https:\/\/www.queencncmachinery.com\/wp-content\/uploads\/2025\/11\/\u5fae\u4fe1\u56fe\u7247_20220815171030-16x12.jpg",16,12,true],"woocommerce_thumbnail":["https:\/\/www.queencncmachinery.com\/wp-content\/uploads\/2025\/11\/\u5fae\u4fe1\u56fe\u7247_20220815171030-800x600.jpg",800,600,true],"woocommerce_single":["https:\/\/www.queencncmachinery.com\/wp-content\/uploads\/2025\/11\/\u5fae\u4fe1\u56fe\u7247_20220815171030-800x600.jpg",800,600,true],"woocommerce_gallery_thumbnail":["https:\/\/www.queencncmachinery.com\/wp-content\/uploads\/2025\/11\/\u5fae\u4fe1\u56fe\u7247_20220815171030-100x100.jpg",100,100,true]},"uagb_author_info":{"display_name":"jinxing6611@gmail.com","author_link":"https:\/\/www.queencncmachinery.com\/de\/author\/"},"uagb_comment_info":0,"uagb_excerpt":"Description &amp; Specifications: X Working Area 1500mm Y Working Area 5000mm Z Working Area 1300mm Traveling Positioning Accuracy \u00b10.5mm Repositioning Positioning Accuracy \u00b10.2mm Working dpi \u00b10.04mm Rotating Speed 0-6000mm\/min Machine Structure Thick welded steel Command G-code*.u00*.mmg*.plt Working voltage AC220V50HZ\/380V Weight with package 900kgs Control System Mach3 control system Software CAXACAD Voltage Regulator 1KVA-10KVA Guide Rail&hellip;","_links":{"self":[{"href":"https:\/\/www.queencncmachinery.com\/de\/wp-json\/wp\/v2\/product\/3618","targetHints":{"allow":["GET"]}}],"collection":[{"href":"https:\/\/www.queencncmachinery.com\/de\/wp-json\/wp\/v2\/product"}],"about":[{"href":"https:\/\/www.queencncmachinery.com\/de\/wp-json\/wp\/v2\/types\/product"}],"replies":[{"embeddable":true,"href":"https:\/\/www.queencncmachinery.com\/de\/wp-json\/wp\/v2\/comments?post=3618"}],"wp:featuredmedia":[{"embeddable":true,"href":"https:\/\/www.queencncmachinery.com\/de\/wp-json\/wp\/v2\/media\/3621"}],"wp:attachment":[{"href":"https:\/\/www.queencncmachinery.com\/de\/wp-json\/wp\/v2\/media?parent=3618"}],"wp:term":[{"taxonomy":"product_brand","embeddable":true,"href":"https:\/\/www.queencncmachinery.com\/de\/wp-json\/wp\/v2\/product_brand?post=3618"},{"taxonomy":"product_cat","embeddable":true,"href":"https:\/\/www.queencncmachinery.com\/de\/wp-json\/wp\/v2\/product_cat?post=3618"},{"taxonomy":"product_tag","embeddable":true,"href":"https:\/\/www.queencncmachinery.com\/de\/wp-json\/wp\/v2\/product_tag?post=3618"}],"curies":[{"name":"wp","href":"https:\/\/api.w.org\/{rel}","templated":true}]}}