{"id":3606,"date":"2025-11-04T13:56:27","date_gmt":"2025-11-04T13:56:27","guid":{"rendered":"https:\/\/www.queencncmachinery.com\/?post_type=product&#038;p=3606"},"modified":"2025-11-18T06:18:06","modified_gmt":"2025-11-18T06:18:06","slug":"5-axis-cnc-foam-wood-moulding-machine-2","status":"publish","type":"product","link":"https:\/\/www.queencncmachinery.com\/de\/produkt\/5-axis-cnc-foam-wood-moulding-machine-2\/","title":{"rendered":"5-Achsen-CNC-Schaumholz-Formmaschine"},"content":{"rendered":"<div class=\"ast-oembed-container\" style=\"height: 100%;\"><iframe title=\"5-Achsen-Cnc-Holzschaum-Formmaschine\" width=\"500\" height=\"281\" src=\"https:\/\/www.youtube.com\/embed\/3cJ1FtOiQdk?feature=oembed\" frameborder=\"0\" allow=\"accelerometer; autoplay; clipboard-write; encrypted-media; gyroscope; picture-in-picture; web-share\" referrerpolicy=\"strict-origin-when-cross-origin\" allowfullscreen><\/iframe><\/div>\n<p><strong>\u4e00\u3001<\/strong><strong>Parameter<\/strong><strong>\uff1a<\/strong><\/p>\n<p>1.Achse\uff1a5 Achse<\/p>\n<p>2.Arbeitsgr\u00f6\u00dfe\uff1a<\/p>\n<p>Installieren Sie 200mm Werkzeug Bits Spindel horizontal arbeiten \uff1a<\/p>\n<p>X-Achse \uff1a2000mm<\/p>\n<p>Y-Achse \uff1a3000mm<\/p>\n<p>Z-Achse\uff1a1000mm<\/p>\n<p>B-Achse\uff1a\u00b1110\u00b0<\/p>\n<p>C-Achse\uff1a\u00b1320\u00b0<\/p>\n<p>Installieren Sie 200mm Werkzeug Bits Spindel Vertikal arbeiten \uff1a<\/p>\n<p>X-Achse\uff1a3000mm<\/p>\n<p>Y-Achse\uff1a4000mm<\/p>\n<p>Z-Achse\uff1a800mm<\/p>\n<p>B-Achse\uff1a\u00b1110\u00b0<\/p>\n<p>C-Achse\uff1a\u00b1320\u00b0<\/p>\n<p>3.Bewegte Geschwindigkeit\uff1a<\/p>\n<p>X-Achse\u3001Y-Achse\uff1a20m\/min<\/p>\n<p>Z-Achse\uff1a10m\/min<\/p>\n<p>B-Achse\u3001C-Achse\uff1a60\u00b0\/s<\/p>\n<p><strong><b>Konfigurationen<\/b><\/strong>\uff1a<\/p>\n<table>\n<tbody>\n<tr>\n<td width=\"30\">Nein<\/td>\n<td width=\"83\">Artikel<\/td>\n<td width=\"69\">Name<\/td>\n<td width=\"66\">Standort<\/td>\n<td width=\"349\">Parameter<\/td>\n<\/tr>\n<tr>\n<td rowspan=\"3\" width=\"30\">1<\/td>\n<td rowspan=\"3\" width=\"83\">Spindel-Konfigurationen<\/td>\n<td width=\"69\">Spindel<\/td>\n<td width=\"66\">&nbsp;<\/p>\n<p>HQD<\/td>\n<td width=\"349\">Marke\uff1aHQD<\/p>\n<p>Leistung\uff1a12Kw<\/p>\n<p>Spindeldrehung \uff1a24000rpm<\/p>\n<p>K\u00fchlung\uff1aWasserk\u00fchlung<\/p>\n<p>Werkzeughalter\uff1aHSK63F ER32<\/td>\n<\/tr>\n<tr>\n<td width=\"69\">Doppelt rotierend<\/td>\n<td width=\"66\"><\/td>\n<td width=\"349\">Der hochbelastbare F\u00fcnf-Achsen-Schwenkkopf verwendet Taiwans hochsteifes Untersetzungsgetriebe, das ein hohes Bremsmoment, hohe Steifigkeit und hohe Pr\u00e4zision aufweist.<\/td>\n<\/tr>\n<tr>\n<td width=\"69\">Werkzeug-Magazin<\/td>\n<td width=\"66\"><\/td>\n<td width=\"349\">6-fach Werkzeugwechselmagazin; die maximal zul\u00e4ssige Werkzeugspezifikation (L\u00e4nge\/Durchmesser) betr\u00e4gt 200mm\/100mm. Wenn die benachbarten Arbeitspl\u00e4tze nicht mit Werkzeugen ausgestattet sind, betr\u00e4gt der maximal zul\u00e4ssige Werkzeugdurchmesser 300 mm.<\/td>\n<\/tr>\n<tr>\n<td width=\"30\">2<\/td>\n<td width=\"83\">Servo<\/td>\n<td width=\"69\">Syntec<\/td>\n<td width=\"66\">taiwan<\/td>\n<td width=\"349\">Die Achsen X\/Y1\/Y2\/Z\/B\/C verwenden alle Hochgeschwindigkeits-Servomotoren der neuen Generation aus Taiwan (wartungsfrei), Bussteuerung, gute \u00dcbertragungseffizienz, hohe \u00dcbertragungsgenauigkeit und keine Notwendigkeit, w\u00e4hrend der Bewegung zum Ursprung zur\u00fcckzukehren; der Servomotor der Z-Achse hat eine Bremse.<\/td>\n<\/tr>\n<tr>\n<td width=\"30\">3<\/td>\n<td width=\"83\">Wechselrichter<\/td>\n<td width=\"69\">Delta<\/td>\n<td width=\"66\">Taiwan<\/td>\n<td width=\"349\">Der Umrichter der Serie Ms300 von Taiwan Delta ist sto\u00dffest und hat eine gute Stabilit\u00e4t, was eine Garantie f\u00fcr die Einstellung der Spindeldrehzahl darstellt.<\/td>\n<\/tr>\n<tr>\n<td rowspan=\"2\" width=\"30\">4<\/td>\n<td rowspan=\"2\" width=\"83\">Controller<\/td>\n<td rowspan=\"2\" width=\"69\">Syntec<\/td>\n<td rowspan=\"2\" width=\"66\">Taiwan<\/td>\n<td width=\"349\">Das volldigitale F\u00fcnf-Achsen-Steuerungssystem von Taiwan Xinda, das von Magic CNC entwickelte WINCE-System, verf\u00fcgt \u00fcber eine automatische RTCP-Funktion zur Verfolgung von Werkzeugspitzen und eine Funktion zur Kompensation von Werkzeugl\u00e4nge und -durchmesser, unterst\u00fctzt Tastatur und Maus und kann Programme \u00fcber U-Disk, Internet\u00fcbertragung und andere Modi importieren und ausf\u00fchren.<\/p>\n<p>Systembus-Steuerung, mit Power-Off-Memory-Funktion, Ursprungsspeicher, keine R\u00fcckkehr zum Ursprung beim Start.<\/td>\n<\/tr>\n<tr>\n<td width=\"349\">Taiwans neue Generation von F\u00fcnf-Achsen-System spezielle Maschine Anpassung beweglichen drahtlosen Handrad kann die Geschwindigkeit der Handrad-Steuerung Betrieb von 1-100 mal, und kann X \/ Y \/ Z \/ 4 (B) \/ 5 (C) Multi-Achsen-Auswahl Kontrolle \u00fcber den Griff, die bequem und einfach, einfach zu bedienen ist, und verbessert die Effizienz der Arbeit.<\/td>\n<\/tr>\n<tr>\n<td width=\"30\">5<\/td>\n<td width=\"83\">Automatische \u00d6lschmierung<\/td>\n<td width=\"69\"><\/td>\n<td width=\"66\"><\/td>\n<td width=\"349\">Software-Steuerung, automatische Zeit- und Mengenschmierung und Schmierung der beweglichen Teile nach Bedarf.<\/td>\n<\/tr>\n<tr>\n<td width=\"30\">6<\/td>\n<td width=\"83\">Schiene<\/td>\n<td width=\"69\">HIWIN<\/td>\n<td width=\"66\">Taiwan<\/td>\n<td width=\"349\">Die XYZ-Achse verwendet in Taiwan hergestellte TWIN-Hochpr\u00e4zisions-F\u00fchrungsschienenschlitten, die das beste Pr\u00e4zisionsdesign aufweisen. Alle vier Seiten haben eine hohe Steifigkeit und eine extrem hohe Belastbarkeit, einen geringen Ger\u00e4uschpegel, eine reibungslose Bewegung und ein gotisches Vier-Punkt-Kontaktdesign. Sie k\u00f6nnen Belastungen in alle Richtungen standhalten und verf\u00fcgen \u00fcber eine hohe Steifigkeit und Pr\u00e4zision.<\/td>\n<\/tr>\n<tr>\n<td width=\"30\">7<\/td>\n<td width=\"83\">Kugelumlaufspindel<\/td>\n<td width=\"69\">HIWIN\/ TBI<\/td>\n<td width=\"66\">Taiwan<\/td>\n<td width=\"349\">Die Z-Achse verwendet eine Kugelumlaufspindel, die den St\u00f6\u00dfel \u00fcber eine Kupplung antreibt, um den Hub zu steuern. Die Kugelumlaufspindel wird kontinuierlich mit der weltweit besten mechanischen Ausr\u00fcstung aus Japan hergestellt und zeichnet sich durch hohe Steifigkeit und Pr\u00e4zision aus.<\/td>\n<\/tr>\n<tr>\n<td width=\"30\">8<\/td>\n<td width=\"83\">Zahnstange und Ritzel<\/td>\n<td width=\"69\">T-WIN<\/td>\n<td width=\"66\">Taiwan<\/td>\n<td width=\"349\">F\u00fcr die X\/Y1\/Y2-Achse werden in Taiwan hergestellte, hochtemperaturgeh\u00e4rtete M2-Schneckenradzahnstangen verwendet, die sich durch einen gleichm\u00e4\u00dfigen Verfahrweg, ein gro\u00dfes \u00dcbertragungsdrehmoment, geringe Ger\u00e4uschentwicklung und hohe Geschwindigkeit auszeichnen.<\/td>\n<\/tr>\n<tr>\n<td width=\"30\">9<\/td>\n<td width=\"83\">Elektrische Ger\u00e4te<\/td>\n<td width=\"69\">Schneider<\/td>\n<td width=\"66\">Frankreich<\/td>\n<td width=\"349\">Um die Langlebigkeit und Sicherheit der wichtigsten elektrischen Komponenten zu gew\u00e4hrleisten, stammen alle Relais, Schutzschalter und Drucktastenschalter von French Schneider.<\/td>\n<\/tr>\n<\/tbody>\n<\/table>\n<p>&nbsp;<\/p>","protected":false},"excerpt":{"rendered":"<p>\u4e00\u3001Parameters\uff1a 1.Axis\uff1a5\u00a0Axis 2.Working size\uff1a Install 200mm\u00a0tool bits spindle horizontal working \uff1a X axis \uff1a2000mm Y axis \uff1a3000mm Z\u00a0Axis\uff1a1000mm B\u00a0Axis\uff1a\u00b1110\u00b0 C\u00a0Axis\uff1a\u00b1320\u00b0 Install 200mm\u00a0tool bits spindle Vertical working \uff1a X\u00a0Axis\uff1a3000mm Y Axis\uff1a4000mm Z Axis\uff1a800mm B\u00a0Axis\uff1a\u00b1110\u00b0 C\u00a0Axis\uff1a\u00b1320\u00b0 3.Moving Speed\uff1a X\u00a0axis\u3001Y\u00a0axis\uff1a20m\/min Z\u00a0axis\uff1a10m\/min B\u00a0axis\u3001C\u00a0axis\uff1a60\u00b0\/s Configurations\uff1a No Items Name Location Parameters 1 Spindle configurations Spindle &nbsp; HQD brand\uff1aHQD power\uff1a12Kw Spindle rotating\u00a0\uff1a24000rpm [&hellip;]<\/p>","protected":false},"featured_media":3609,"comment_status":"open","ping_status":"closed","template":"","meta":{"_seopress_robots_primary_cat":"none","_seopress_titles_title":"","_seopress_titles_desc":"","_seopress_robots_index":"","_uag_custom_page_level_css":"","site-sidebar-layout":"default","site-content-layout":"","ast-site-content-layout":"default","site-content-style":"default","site-sidebar-style":"default","ast-global-header-display":"","ast-banner-title-visibility":"","ast-main-header-display":"","ast-hfb-above-header-display":"","ast-hfb-below-header-display":"","ast-hfb-mobile-header-display":"","site-post-title":"","ast-breadcrumbs-content":"","ast-featured-img":"","footer-sml-layout":"","ast-disable-related-posts":"","theme-transparent-header-meta":"default","adv-header-id-meta":"","stick-header-meta":"default","header-above-stick-meta":"","header-main-stick-meta":"","header-below-stick-meta":"","astra-migrate-meta-layouts":"set","ast-page-background-enabled":"default","ast-page-background-meta":{"desktop":{"background-color":"","background-image":"","background-repeat":"repeat","background-position":"center center","background-size":"auto","background-attachment":"scroll","background-type":"","background-media":"","overlay-type":"","overlay-color":"","overlay-opacity":"","overlay-gradient":""},"tablet":{"background-color":"","background-image":"","background-repeat":"repeat","background-position":"center center","background-size":"auto","background-attachment":"scroll","background-type":"","background-media":"","overlay-type":"","overlay-color":"","overlay-opacity":"","overlay-gradient":""},"mobile":{"background-color":"","background-image":"","background-repeat":"repeat","background-position":"center center","background-size":"auto","background-attachment":"scroll","background-type":"","background-media":"","overlay-type":"","overlay-color":"","overlay-opacity":"","overlay-gradient":""}},"ast-content-background-meta":{"desktop":{"background-color":"var(--ast-global-color-5)","background-image":"","background-repeat":"repeat","background-position":"center center","background-size":"auto","background-attachment":"scroll","background-type":"","background-media":"","overlay-type":"","overlay-color":"","overlay-opacity":"","overlay-gradient":""},"tablet":{"background-color":"var(--ast-global-color-5)","background-image":"","background-repeat":"repeat","background-position":"center center","background-size":"auto","background-attachment":"scroll","background-type":"","background-media":"","overlay-type":"","overlay-color":"","overlay-opacity":"","overlay-gradient":""},"mobile":{"background-color":"var(--ast-global-color-5)","background-image":"","background-repeat":"repeat","background-position":"center center","background-size":"auto","background-attachment":"scroll","background-type":"","background-media":"","overlay-type":"","overlay-color":"","overlay-opacity":"","overlay-gradient":""}}},"product_brand":[],"product_cat":[83],"product_tag":[],"class_list":{"0":"post-3606","1":"product","2":"type-product","3":"status-publish","4":"has-post-thumbnail","6":"product_cat-5-axis-cnc-foam-wood-moulding-machine","7":"desktop-align-left","8":"tablet-align-left","9":"mobile-align-left","10":"ast-product-gallery-layout-horizontal-slider","11":"ast-product-gallery-with-no-image","12":"ast-magnify-disabled","13":"ast-product-tabs-layout-distributed","15":"first","16":"instock","17":"shipping-taxable","18":"product-type-simple"},"uagb_featured_image_src":{"full":["https:\/\/www.queencncmachinery.com\/wp-content\/uploads\/2025\/11\/\u5fae\u4fe1\u56fe\u7247_20241228172550-1-scaled.jpg",2560,1920,false],"thumbnail":["https:\/\/www.queencncmachinery.com\/wp-content\/uploads\/2025\/11\/\u5fae\u4fe1\u56fe\u7247_20241228172550-1-150x150.jpg",150,150,true],"medium":["https:\/\/www.queencncmachinery.com\/wp-content\/uploads\/2025\/11\/\u5fae\u4fe1\u56fe\u7247_20241228172550-1-300x225.jpg",300,225,true],"medium_large":["https:\/\/www.queencncmachinery.com\/wp-content\/uploads\/2025\/11\/\u5fae\u4fe1\u56fe\u7247_20241228172550-1-768x576.jpg",768,576,true],"large":["https:\/\/www.queencncmachinery.com\/wp-content\/uploads\/2025\/11\/\u5fae\u4fe1\u56fe\u7247_20241228172550-1-1024x768.jpg",1024,768,true],"1536x1536":["https:\/\/www.queencncmachinery.com\/wp-content\/uploads\/2025\/11\/\u5fae\u4fe1\u56fe\u7247_20241228172550-1-1536x1152.jpg",1536,1152,true],"2048x2048":["https:\/\/www.queencncmachinery.com\/wp-content\/uploads\/2025\/11\/\u5fae\u4fe1\u56fe\u7247_20241228172550-1-2048x1536.jpg",2048,1536,true],"trp-custom-language-flag":["https:\/\/www.queencncmachinery.com\/wp-content\/uploads\/2025\/11\/\u5fae\u4fe1\u56fe\u7247_20241228172550-1-16x12.jpg",16,12,true],"woocommerce_thumbnail":["https:\/\/www.queencncmachinery.com\/wp-content\/uploads\/2025\/11\/\u5fae\u4fe1\u56fe\u7247_20241228172550-1-scaled-800x600.jpg",800,600,true],"woocommerce_single":["https:\/\/www.queencncmachinery.com\/wp-content\/uploads\/2025\/11\/\u5fae\u4fe1\u56fe\u7247_20241228172550-1-scaled-800x600.jpg",800,600,true],"woocommerce_gallery_thumbnail":["https:\/\/www.queencncmachinery.com\/wp-content\/uploads\/2025\/11\/\u5fae\u4fe1\u56fe\u7247_20241228172550-1-scaled-100x100.jpg",100,100,true]},"uagb_author_info":{"display_name":"jinxing6611@gmail.com","author_link":"https:\/\/www.queencncmachinery.com\/de\/author\/"},"uagb_comment_info":0,"uagb_excerpt":"\u4e00\u3001Parameters\uff1a 1.Axis\uff1a5\u00a0Axis 2.Working size\uff1a Install 200mm\u00a0tool bits spindle horizontal working \uff1a X axis \uff1a2000mm Y axis \uff1a3000mm Z\u00a0Axis\uff1a1000mm B\u00a0Axis\uff1a\u00b1110\u00b0 C\u00a0Axis\uff1a\u00b1320\u00b0 Install 200mm\u00a0tool bits spindle Vertical working \uff1a X\u00a0Axis\uff1a3000mm Y Axis\uff1a4000mm Z Axis\uff1a800mm B\u00a0Axis\uff1a\u00b1110\u00b0 C\u00a0Axis\uff1a\u00b1320\u00b0 3.Moving Speed\uff1a X\u00a0axis\u3001Y\u00a0axis\uff1a20m\/min Z\u00a0axis\uff1a10m\/min B\u00a0axis\u3001C\u00a0axis\uff1a60\u00b0\/s Configurations\uff1a No Items Name Location Parameters 1 Spindle configurations Spindle &nbsp; HQD brand\uff1aHQD power\uff1a12Kw Spindle rotating\u00a0\uff1a24000rpm&hellip;","_links":{"self":[{"href":"https:\/\/www.queencncmachinery.com\/de\/wp-json\/wp\/v2\/product\/3606","targetHints":{"allow":["GET"]}}],"collection":[{"href":"https:\/\/www.queencncmachinery.com\/de\/wp-json\/wp\/v2\/product"}],"about":[{"href":"https:\/\/www.queencncmachinery.com\/de\/wp-json\/wp\/v2\/types\/product"}],"replies":[{"embeddable":true,"href":"https:\/\/www.queencncmachinery.com\/de\/wp-json\/wp\/v2\/comments?post=3606"}],"wp:featuredmedia":[{"embeddable":true,"href":"https:\/\/www.queencncmachinery.com\/de\/wp-json\/wp\/v2\/media\/3609"}],"wp:attachment":[{"href":"https:\/\/www.queencncmachinery.com\/de\/wp-json\/wp\/v2\/media?parent=3606"}],"wp:term":[{"taxonomy":"product_brand","embeddable":true,"href":"https:\/\/www.queencncmachinery.com\/de\/wp-json\/wp\/v2\/product_brand?post=3606"},{"taxonomy":"product_cat","embeddable":true,"href":"https:\/\/www.queencncmachinery.com\/de\/wp-json\/wp\/v2\/product_cat?post=3606"},{"taxonomy":"product_tag","embeddable":true,"href":"https:\/\/www.queencncmachinery.com\/de\/wp-json\/wp\/v2\/product_tag?post=3606"}],"curies":[{"name":"wp","href":"https:\/\/api.w.org\/{rel}","templated":true}]}}