{"id":3598,"date":"2025-11-04T13:52:11","date_gmt":"2025-11-04T13:52:11","guid":{"rendered":"https:\/\/www.queencncmachinery.com\/?post_type=product&#038;p=3598"},"modified":"2025-11-18T06:37:10","modified_gmt":"2025-11-18T06:37:10","slug":"cnc-oscillating-knife-cutting-machine","status":"publish","type":"product","link":"https:\/\/www.queencncmachinery.com\/de\/produkt\/cnc-oscillating-knife-cutting-machine\/","title":{"rendered":"CNC-Oszillierende Messerschneidemaschine"},"content":{"rendered":"<div class=\"ast-oembed-container\" style=\"height: 100%;\"><iframe title=\"digitale cnc-Messerschneidemaschine mit Schleppschnitt\" width=\"422\" height=\"750\" src=\"https:\/\/www.youtube.com\/embed\/sgt01HoCKiY?feature=oembed\" frameborder=\"0\" allow=\"accelerometer; autoplay; clipboard-write; encrypted-media; gyroscope; picture-in-picture; web-share\" referrerpolicy=\"strict-origin-when-cross-origin\" allowfullscreen><\/iframe><\/div>\n<table>\n<tbody>\n<tr>\n<td colspan=\"2\" width=\"662\"><strong>Beschreibung &amp; Spezifikationen:<\/strong><\/td>\n<\/tr>\n<tr>\n<td width=\"211\">X Arbeitsgr\u00f6\u00dfe<\/td>\n<td width=\"451\">1600mm<\/td>\n<\/tr>\n<tr>\n<td width=\"211\">Y Arbeitsgr\u00f6\u00dfe<\/td>\n<td width=\"451\">2500mm<\/td>\n<\/tr>\n<tr>\n<td width=\"211\">Z Schnittst\u00e4rke<\/td>\n<td width=\"451\">50mm<\/td>\n<\/tr>\n<tr>\n<td width=\"211\">Schneidkopf<\/td>\n<td width=\"451\">cnc Oszillierender Messerschneidkopf und Rillkopf<\/td>\n<\/tr>\n<tr>\n<td width=\"211\">Weg anzeigen<\/td>\n<td width=\"451\">Englischer LED-Touchscreen<\/td>\n<\/tr>\n<tr>\n<td width=\"211\">Maschinentisch<\/td>\n<td width=\"451\">Automatisch ladender Saugtisch, geeignet f\u00fcr Textilien, Gummi, Aufkleber und andere weiche Materialien<\/td>\n<\/tr>\n<tr>\n<td width=\"211\">Art der Daten\u00fcbertragung<\/td>\n<td width=\"451\">Intel<\/td>\n<\/tr>\n<tr>\n<td width=\"211\">Vakuumpumpe<\/td>\n<td width=\"451\">9KW Luft Vakuumtisch<\/td>\n<\/tr>\n<tr>\n<td width=\"211\">Antriebssystem<\/td>\n<td width=\"451\">Panasonic- oder Delta- oder Huichuan-Servoantrieb und Motor<\/td>\n<\/tr>\n<tr>\n<td width=\"211\">Kontrollsystem<\/td>\n<td width=\"451\">6-Achsen-Steuerung<\/td>\n<\/tr>\n<tr>\n<td width=\"211\">Leitsystem<\/td>\n<td width=\"451\">Taiwan PMI 20<\/td>\n<\/tr>\n<tr>\n<td width=\"211\">Werkzeug-Sensor<\/td>\n<td width=\"451\">mit<\/td>\n<\/tr>\n<tr>\n<td width=\"211\">\u00dcbertragung<\/td>\n<td width=\"451\">Zahnstangenritzel<\/td>\n<\/tr>\n<tr>\n<td width=\"211\">Schnittgeschwindigkeit<\/td>\n<td width=\"451\">30m\/min<\/td>\n<\/tr>\n<tr>\n<td width=\"211\">Fahrgeschwindigkeit<\/td>\n<td width=\"451\">50m\/min<\/td>\n<\/tr>\n<tr>\n<td width=\"211\">Gewicht<\/td>\n<td width=\"451\">Ungef\u00e4hr 1500kgs<\/td>\n<\/tr>\n<tr>\n<td width=\"211\">Gr\u00f6\u00dfe<\/td>\n<td width=\"451\">2250*3500*1650mm<\/td>\n<\/tr>\n<tr>\n<td width=\"211\">Spannung<\/td>\n<td width=\"451\">3 Phasen 380V oder 220V 50HZ\/60hz<\/td>\n<\/tr>\n<tr>\n<td width=\"211\">Software<\/td>\n<td width=\"451\">Vcutworks, Maschine hat diese Software<\/td>\n<\/tr>\n<\/tbody>\n<\/table>\n<p>Verschiedene Werkzeuge mit unterschiedlichen Funktionen<\/p>\n<p>1. elektronisches oszillierendes Werkzeug - mit 1 mm Hub zum Schneiden von weichen und mittelschweren Materialien.<\/p>\n<p>Universalschneidwerkzeug - f\u00fcr das Durchtrennen von Materialien mit einer Dicke von bis zu 0,196 Zoll. Schneiden mit hoher Geschwindigkeit zu niedrigen Kosten.<\/p>\n<p>Anwendbares Material: KT-Werbeplatten, Vesikantkarton, ABS-Kunststoff, geriffelte Kunststoffplatten, Wellpappe, Pappe, Spanplatten, staubdichte Fu\u00dfmatten, Teppiche, Dichtungen, Kohlefaser usw.<\/p>\n<p>2.Kiss Cut Tool (Halbschnitt) - zum Schneiden von Vinyl, Folie, Filmen, d\u00fcnnen Medien, Karton, Textilien und anderen d\u00fcnnen Substraten.<\/p>\n<p>3.Drive Rotary Tool (Rundmesser) - eignet sich sehr gut zum Schneiden von gewebten Maschenwaren, Textilien und d\u00fcnnen Kupferblechen<\/p>\n<p>Kann verschiedene Klinge f\u00fcr verschiedene Material schneiden zu installieren<\/p>\n<p>Geeignetes Material: Schafschurflanell, UV-Textilien, Kohlefaser, Glasfaser, Luftschlangenbanner, Fahnenstoffe, lichtundurchl\u00e4ssige Stoffe und andere Arten von Textilien<\/p>\n<p>4. die Oberfr\u00e4sspindel. Entwickelt f\u00fcr solide Leistung bei einer Vielzahl von Anwendungen und Substraten. Der Router kann auch Pr\u00e4zisionsgravuren wie das Kiss-Cut-Werkzeug ausf\u00fchren.<\/p>\n<p>5. das V-Cut Werkzeug - ist perfekt f\u00fcr die Herstellung komplexer Konstruktionen aus Schaumstoffkern oder verklebten Materialien. Das Werkzeug kann f\u00fcr das Schneiden von 5 verschiedenen Winkeln eingestellt werden. 0\u00b0, 15\u00b0, 22.5\u00b0, 30\u00b0, 45\u00b0.<\/p>\n<p>6.creasing Rad-mit unterschiedlicher Gr\u00f6\u00dfe der Rillen Rad f\u00fcr verschiedene Dicke Karton, kleinere Rad f\u00fcr d\u00fcnne Karton Rillen verwendet, und gr\u00f6\u00dfere Rad f\u00fcr dickere Karton Rillen verwendet<\/p>\n<p>Geeignetes Material: Wellpappe, Pappe, Kunststoff-Wellenpappe<\/p>\n<p>7. das pneumatische Oszillationswerkzeug - ist ein luftbetriebenes Ger\u00e4t mit einer hohen Oszillationsfrequenz. Der Hub von bis zu 8 mm eignet sich zum Schneiden von starren und hochdichten Materialien bis zu einer Dicke von 1,96\u2033 unter Verwendung einer speziellen Klinge. (Option)<\/p>\n<p>8.Schleppmesser<\/p>\n<p>Kann mit hoher Geschwindigkeit, hohe Leistung, niedrige Wartungskosten, mit verschiedenen Klinge schneiden k\u00f6nnen verschiedene Design, hohe Effizienz, Durchmesser: D40mm f\u00fcr Klinge<\/p>\n<p>Anwendbares Material: PP-Papier, PP-Gummiauftrag, lichtreflektierendes Material, Autoklebepad, ABS-Kunststoff, d\u00fcnner Kunststoff, Gummifolie, Kunstleder, KT-Pappe, Pappe, PVC-Dehnfolie, Chevron-Pappe, Weichglas.<\/p>\n<p>9. stanzender Kopf<\/p>\n<p>10. ein Markierungsstift<\/p>\n<p>11. automatische Ladetabelle<\/p>\n<p>12.Klein ccd<\/p>\n<p>13.Big ccd und Projektor<\/p>","protected":false},"excerpt":{"rendered":"<p>Description &amp; Specifications: X working size 1600mm Y working size 2500mm Z Cutting thickness 50mm Cutting head cnc Oscillating knife cutting head\u00a0and creasing\u00a0head Display way English LED touch screen Machine table Auto loading Suction Table, suitable for textile,\u00a0rubber,sticker and other soft material Data transfer way Intel Vacuum pump 9KW air\u00a0type vacuum table Driving system Panasonic\u00a0or [&hellip;]<\/p>","protected":false},"featured_media":3601,"comment_status":"open","ping_status":"closed","template":"","meta":{"_seopress_robots_primary_cat":"none","_seopress_titles_title":"","_seopress_titles_desc":"","_seopress_robots_index":"","_uag_custom_page_level_css":"","site-sidebar-layout":"default","site-content-layout":"","ast-site-content-layout":"default","site-content-style":"default","site-sidebar-style":"default","ast-global-header-display":"","ast-banner-title-visibility":"","ast-main-header-display":"","ast-hfb-above-header-display":"","ast-hfb-below-header-display":"","ast-hfb-mobile-header-display":"","site-post-title":"","ast-breadcrumbs-content":"","ast-featured-img":"","footer-sml-layout":"","ast-disable-related-posts":"","theme-transparent-header-meta":"default","adv-header-id-meta":"","stick-header-meta":"default","header-above-stick-meta":"","header-main-stick-meta":"","header-below-stick-meta":"","astra-migrate-meta-layouts":"set","ast-page-background-enabled":"default","ast-page-background-meta":{"desktop":{"background-color":"","background-image":"","background-repeat":"repeat","background-position":"center center","background-size":"auto","background-attachment":"scroll","background-type":"","background-media":"","overlay-type":"","overlay-color":"","overlay-opacity":"","overlay-gradient":""},"tablet":{"background-color":"","background-image":"","background-repeat":"repeat","background-position":"center center","background-size":"auto","background-attachment":"scroll","background-type":"","background-media":"","overlay-type":"","overlay-color":"","overlay-opacity":"","overlay-gradient":""},"mobile":{"background-color":"","background-image":"","background-repeat":"repeat","background-position":"center center","background-size":"auto","background-attachment":"scroll","background-type":"","background-media":"","overlay-type":"","overlay-color":"","overlay-opacity":"","overlay-gradient":""}},"ast-content-background-meta":{"desktop":{"background-color":"var(--ast-global-color-5)","background-image":"","background-repeat":"repeat","background-position":"center center","background-size":"auto","background-attachment":"scroll","background-type":"","background-media":"","overlay-type":"","overlay-color":"","overlay-opacity":"","overlay-gradient":""},"tablet":{"background-color":"var(--ast-global-color-5)","background-image":"","background-repeat":"repeat","background-position":"center center","background-size":"auto","background-attachment":"scroll","background-type":"","background-media":"","overlay-type":"","overlay-color":"","overlay-opacity":"","overlay-gradient":""},"mobile":{"background-color":"var(--ast-global-color-5)","background-image":"","background-repeat":"repeat","background-position":"center center","background-size":"auto","background-attachment":"scroll","background-type":"","background-media":"","overlay-type":"","overlay-color":"","overlay-opacity":"","overlay-gradient":""}}},"product_brand":[],"product_cat":[81],"product_tag":[],"class_list":{"0":"post-3598","1":"product","2":"type-product","3":"status-publish","4":"has-post-thumbnail","6":"product_cat-cnc-oscillating-knife-cutting-machine-cnc-oscillating-knife-cutting-machine","7":"desktop-align-left","8":"tablet-align-left","9":"mobile-align-left","10":"ast-product-gallery-layout-horizontal-slider","11":"ast-product-gallery-with-no-image","12":"ast-magnify-disabled","13":"ast-product-tabs-layout-distributed","15":"first","16":"instock","17":"shipping-taxable","18":"product-type-simple"},"uagb_featured_image_src":{"full":["https:\/\/www.queencncmachinery.com\/wp-content\/uploads\/2025\/11\/QQ20250403-102632.png",1072,581,false],"thumbnail":["https:\/\/www.queencncmachinery.com\/wp-content\/uploads\/2025\/11\/QQ20250403-102632-150x150.png",150,150,true],"medium":["https:\/\/www.queencncmachinery.com\/wp-content\/uploads\/2025\/11\/QQ20250403-102632-300x163.png",300,163,true],"medium_large":["https:\/\/www.queencncmachinery.com\/wp-content\/uploads\/2025\/11\/QQ20250403-102632-768x416.png",768,416,true],"large":["https:\/\/www.queencncmachinery.com\/wp-content\/uploads\/2025\/11\/QQ20250403-102632-1024x555.png",1024,555,true],"1536x1536":["https:\/\/www.queencncmachinery.com\/wp-content\/uploads\/2025\/11\/QQ20250403-102632.png",1072,581,false],"2048x2048":["https:\/\/www.queencncmachinery.com\/wp-content\/uploads\/2025\/11\/QQ20250403-102632.png",1072,581,false],"trp-custom-language-flag":["https:\/\/www.queencncmachinery.com\/wp-content\/uploads\/2025\/11\/QQ20250403-102632-18x10.png",18,10,true],"woocommerce_thumbnail":["https:\/\/www.queencncmachinery.com\/wp-content\/uploads\/2025\/11\/QQ20250403-102632-800x434.png",800,434,true],"woocommerce_single":["https:\/\/www.queencncmachinery.com\/wp-content\/uploads\/2025\/11\/QQ20250403-102632-800x434.png",800,434,true],"woocommerce_gallery_thumbnail":["https:\/\/www.queencncmachinery.com\/wp-content\/uploads\/2025\/11\/QQ20250403-102632-100x100.png",100,100,true]},"uagb_author_info":{"display_name":"jinxing6611@gmail.com","author_link":"https:\/\/www.queencncmachinery.com\/de\/author\/"},"uagb_comment_info":0,"uagb_excerpt":"Description &amp; Specifications: X working size 1600mm Y working size 2500mm Z Cutting thickness 50mm Cutting head cnc Oscillating knife cutting head\u00a0and creasing\u00a0head Display way English LED touch screen Machine table Auto loading Suction Table, suitable for textile,\u00a0rubber,sticker and other soft material Data transfer way Intel Vacuum pump 9KW air\u00a0type vacuum table Driving system Panasonic\u00a0or&hellip;","_links":{"self":[{"href":"https:\/\/www.queencncmachinery.com\/de\/wp-json\/wp\/v2\/product\/3598","targetHints":{"allow":["GET"]}}],"collection":[{"href":"https:\/\/www.queencncmachinery.com\/de\/wp-json\/wp\/v2\/product"}],"about":[{"href":"https:\/\/www.queencncmachinery.com\/de\/wp-json\/wp\/v2\/types\/product"}],"replies":[{"embeddable":true,"href":"https:\/\/www.queencncmachinery.com\/de\/wp-json\/wp\/v2\/comments?post=3598"}],"wp:featuredmedia":[{"embeddable":true,"href":"https:\/\/www.queencncmachinery.com\/de\/wp-json\/wp\/v2\/media\/3601"}],"wp:attachment":[{"href":"https:\/\/www.queencncmachinery.com\/de\/wp-json\/wp\/v2\/media?parent=3598"}],"wp:term":[{"taxonomy":"product_brand","embeddable":true,"href":"https:\/\/www.queencncmachinery.com\/de\/wp-json\/wp\/v2\/product_brand?post=3598"},{"taxonomy":"product_cat","embeddable":true,"href":"https:\/\/www.queencncmachinery.com\/de\/wp-json\/wp\/v2\/product_cat?post=3598"},{"taxonomy":"product_tag","embeddable":true,"href":"https:\/\/www.queencncmachinery.com\/de\/wp-json\/wp\/v2\/product_tag?post=3598"}],"curies":[{"name":"wp","href":"https:\/\/api.w.org\/{rel}","templated":true}]}}