{"id":3378,"date":"2025-11-04T12:18:34","date_gmt":"2025-11-04T12:18:34","guid":{"rendered":"https:\/\/www.queencncmachinery.com\/?post_type=product&#038;p=3378"},"modified":"2025-11-19T05:53:56","modified_gmt":"2025-11-19T05:53:56","slug":"4-by-8-feet-follow-style-atc-cnc-router","status":"publish","type":"product","link":"https:\/\/www.queencncmachinery.com\/de\/produkt\/4-by-8-feet-follow-style-atc-cnc-router\/","title":{"rendered":"4 durch 8 Fu\u00df folgen Stil ATC CNC-Router"},"content":{"rendered":"<div class=\"ast-oembed-container\" style=\"height: 100%;\"><iframe title=\"Wir stellen Ihnen unseren hochpr\u00e4zisen atc cnc-Router vor\" width=\"500\" height=\"281\" src=\"https:\/\/www.youtube.com\/embed\/UvvXvRl_2f0?feature=oembed\" frameborder=\"0\" allow=\"accelerometer; autoplay; clipboard-write; encrypted-media; gyroscope; picture-in-picture; web-share\" referrerpolicy=\"strict-origin-when-cross-origin\" allowfullscreen><\/iframe><\/div>\n<p><strong><b>1.<\/b><\/strong><strong><b>LNC-Steuerung,<\/b><\/strong>Es ist gro\u00dfer Bildschirm, freundliche Steuerung, die einfach zu bedienen ist, weit verbreitet f\u00fcr CNC-Router verwendet, und unterst\u00fctzen T\u00fcr und Schrank-Modus zu \u00e4ndern.<\/p>\n<p>2.<strong><b>Lineares Werkzeugmagazin,<\/b><\/strong>kann max. 16 St\u00fcck w\u00e4hlen, und es bewegt sich mit Gantry, effizient f\u00fcr Werkzeugwechsler.<\/p>\n<p>3.<strong><b>Die HQD-Spindel ist weit verbreitet,<\/b><\/strong>\u00a0sehr gute Leistung, geeignet f\u00fcr lange Produktionszeiten in der Verarbeitungslinie und einfache Wartung<\/p>\n<table>\n<tbody>\n<tr>\n<td width=\"266\">Modell (Option)<\/td>\n<td width=\"415\">QN1325L<\/td>\n<\/tr>\n<tr>\n<td width=\"266\">Arbeitsbereich X\uff0cY\uff0cZ-Achse<\/td>\n<td width=\"415\">1300*2500*200mm<\/td>\n<\/tr>\n<tr>\n<td width=\"266\">F\u00fchrungsschiene<\/td>\n<td width=\"415\">Taiwan30 Linearschiene mit quadratischer F\u00fchrung<\/td>\n<\/tr>\n<tr>\n<td width=\"266\">X,Y-Struktur<\/td>\n<td width=\"415\">Hochpr\u00e4zises Zahnstangen-Ritzel-Getriebe<\/td>\n<\/tr>\n<tr>\n<td width=\"266\">Z-Achse<\/td>\n<td width=\"415\">Kugelumlaufspindel<\/td>\n<\/tr>\n<tr>\n<td width=\"266\">Kontrollsystem<\/td>\n<td width=\"415\">LNC-Steuerungssystem<\/td>\n<\/tr>\n<tr>\n<td width=\"266\">Gesamte Struktur<\/td>\n<td width=\"415\">Stahlguss<\/td>\n<\/tr>\n<tr>\n<td width=\"266\">\\Max. Graviergeschwindigkeit<\/td>\n<td width=\"415\">30m\/min<\/td>\n<\/tr>\n<tr>\n<td width=\"266\">Maximale Schnittgeschwindigkeit<\/td>\n<td width=\"415\">20m\/min<\/td>\n<\/tr>\n<tr>\n<td width=\"266\">Aufl\u00f6sung<\/td>\n<td width=\"415\">0,01 mm<\/td>\n<\/tr>\n<tr>\n<td width=\"266\">Verarbeitungsgenauigkeit<\/td>\n<td width=\"415\">&lt;0,05mm<\/td>\n<\/tr>\n<tr>\n<td width=\"266\">Halten von Holz<\/td>\n<td width=\"415\">Vakuumabsorption (durch Ansaugen)<\/td>\n<\/tr>\n<tr>\n<td width=\"266\">Wettbewerbsf\u00e4hige Software<\/td>\n<td width=\"415\">AutoCAD,Artcam,Photoshop,Type3,Artcut,Ucancam,powermill<\/td>\n<\/tr>\n<tr>\n<td width=\"266\">Grafik im imagin\u00e4ren Format<\/td>\n<td width=\"415\">BMP,GIF,JPGE,PCX,TGA,TIFF,PTLCDR,DMG,DXF,<\/td>\n<\/tr>\n<tr>\n<td width=\"266\">Leistung der Spindel<\/td>\n<td width=\"415\">9KW HQD ATC Luftk\u00fchlspindel<\/td>\n<\/tr>\n<tr>\n<td width=\"266\">Drehgeschwindigkeit der Spindel<\/td>\n<td width=\"415\">6000-24000 Umdrehungen pro Minute<\/td>\n<\/tr>\n<tr>\n<td width=\"266\">Werkzeugmagazin<\/td>\n<td width=\"415\">Lineares ATC-System, mit 12 Schneideger\u00e4ten<\/td>\n<\/tr>\n<tr>\n<td width=\"266\">Durchmesser des Fr\u00e4sers<\/td>\n<td width=\"415\">\u03c63.175~\u03c620<\/td>\n<\/tr>\n<tr>\n<td width=\"266\">Antriebssystem<\/td>\n<td width=\"415\">Leadshine Servo-System<\/td>\n<\/tr>\n<tr>\n<td width=\"266\">Sprache operieren<\/td>\n<td width=\"415\">G-Code,plt,mmg,uoo,bmp,F\/S<\/td>\n<\/tr>\n<tr>\n<td width=\"266\">Betriebsspannung<\/td>\n<td width=\"415\">AC380V\/50Hz oder 220V<\/td>\n<\/tr>\n<tr>\n<td width=\"266\">Laufende Umgebung<\/td>\n<td width=\"415\">Temperature:0-45;Humidity:30%~70%<\/td>\n<\/tr>\n<tr>\n<td width=\"266\">Mit optionalen Teilen<\/td>\n<td width=\"415\">Vakuum-Arbeitstisch, Staubabscheider<\/td>\n<\/tr>\n<\/tbody>\n<\/table>","protected":false},"excerpt":{"rendered":"<p>1.LNC controller,it is big screen,friendly controller which is easy to operate,widely used for cnc router,and support door and cabinet mode to change. 2.Linear tool magazine,can choose max 16 pcs,and it moves with gantry,efficient for tool changer. 3.HQD spindle is widely used,\u00a0very good performance, fit for long time producing in the processing line and easy maintain [&hellip;]<\/p>","protected":false},"featured_media":3381,"comment_status":"open","ping_status":"closed","template":"","meta":{"_seopress_robots_primary_cat":"none","_seopress_titles_title":"","_seopress_titles_desc":"","_seopress_robots_index":"","_uag_custom_page_level_css":"","site-sidebar-layout":"default","site-content-layout":"","ast-site-content-layout":"default","site-content-style":"default","site-sidebar-style":"default","ast-global-header-display":"","ast-banner-title-visibility":"","ast-main-header-display":"","ast-hfb-above-header-display":"","ast-hfb-below-header-display":"","ast-hfb-mobile-header-display":"","site-post-title":"","ast-breadcrumbs-content":"","ast-featured-img":"","footer-sml-layout":"","ast-disable-related-posts":"","theme-transparent-header-meta":"default","adv-header-id-meta":"","stick-header-meta":"default","header-above-stick-meta":"","header-main-stick-meta":"","header-below-stick-meta":"","astra-migrate-meta-layouts":"set","ast-page-background-enabled":"default","ast-page-background-meta":{"desktop":{"background-color":"","background-image":"","background-repeat":"repeat","background-position":"center center","background-size":"auto","background-attachment":"scroll","background-type":"","background-media":"","overlay-type":"","overlay-color":"","overlay-opacity":"","overlay-gradient":""},"tablet":{"background-color":"","background-image":"","background-repeat":"repeat","background-position":"center center","background-size":"auto","background-attachment":"scroll","background-type":"","background-media":"","overlay-type":"","overlay-color":"","overlay-opacity":"","overlay-gradient":""},"mobile":{"background-color":"","background-image":"","background-repeat":"repeat","background-position":"center center","background-size":"auto","background-attachment":"scroll","background-type":"","background-media":"","overlay-type":"","overlay-color":"","overlay-opacity":"","overlay-gradient":""}},"ast-content-background-meta":{"desktop":{"background-color":"var(--ast-global-color-5)","background-image":"","background-repeat":"repeat","background-position":"center center","background-size":"auto","background-attachment":"scroll","background-type":"","background-media":"","overlay-type":"","overlay-color":"","overlay-opacity":"","overlay-gradient":""},"tablet":{"background-color":"var(--ast-global-color-5)","background-image":"","background-repeat":"repeat","background-position":"center center","background-size":"auto","background-attachment":"scroll","background-type":"","background-media":"","overlay-type":"","overlay-color":"","overlay-opacity":"","overlay-gradient":""},"mobile":{"background-color":"var(--ast-global-color-5)","background-image":"","background-repeat":"repeat","background-position":"center center","background-size":"auto","background-attachment":"scroll","background-type":"","background-media":"","overlay-type":"","overlay-color":"","overlay-opacity":"","overlay-gradient":""}}},"product_brand":[],"product_cat":[74],"product_tag":[],"class_list":{"0":"post-3378","1":"product","2":"type-product","3":"status-publish","4":"has-post-thumbnail","6":"product_cat-atc-cnc-router","7":"desktop-align-left","8":"tablet-align-left","9":"mobile-align-left","10":"ast-product-gallery-layout-horizontal-slider","11":"ast-magnify-disabled","12":"ast-product-tabs-layout-distributed","14":"first","15":"instock","16":"shipping-taxable","17":"product-type-simple"},"uagb_featured_image_src":{"full":["https:\/\/www.queencncmachinery.com\/wp-content\/uploads\/2025\/11\/\u5fae\u4fe1\u56fe\u7247_20240704111916.jpg",1280,1280,false],"thumbnail":["https:\/\/www.queencncmachinery.com\/wp-content\/uploads\/2025\/11\/\u5fae\u4fe1\u56fe\u7247_20240704111916-150x150.jpg",150,150,true],"medium":["https:\/\/www.queencncmachinery.com\/wp-content\/uploads\/2025\/11\/\u5fae\u4fe1\u56fe\u7247_20240704111916-300x300.jpg",300,300,true],"medium_large":["https:\/\/www.queencncmachinery.com\/wp-content\/uploads\/2025\/11\/\u5fae\u4fe1\u56fe\u7247_20240704111916-768x768.jpg",768,768,true],"large":["https:\/\/www.queencncmachinery.com\/wp-content\/uploads\/2025\/11\/\u5fae\u4fe1\u56fe\u7247_20240704111916-1024x1024.jpg",1024,1024,true],"1536x1536":["https:\/\/www.queencncmachinery.com\/wp-content\/uploads\/2025\/11\/\u5fae\u4fe1\u56fe\u7247_20240704111916.jpg",1280,1280,false],"2048x2048":["https:\/\/www.queencncmachinery.com\/wp-content\/uploads\/2025\/11\/\u5fae\u4fe1\u56fe\u7247_20240704111916.jpg",1280,1280,false],"trp-custom-language-flag":["https:\/\/www.queencncmachinery.com\/wp-content\/uploads\/2025\/11\/\u5fae\u4fe1\u56fe\u7247_20240704111916-12x12.jpg",12,12,true],"woocommerce_thumbnail":["https:\/\/www.queencncmachinery.com\/wp-content\/uploads\/2025\/11\/\u5fae\u4fe1\u56fe\u7247_20240704111916-800x800.jpg",800,800,true],"woocommerce_single":["https:\/\/www.queencncmachinery.com\/wp-content\/uploads\/2025\/11\/\u5fae\u4fe1\u56fe\u7247_20240704111916-800x800.jpg",800,800,true],"woocommerce_gallery_thumbnail":["https:\/\/www.queencncmachinery.com\/wp-content\/uploads\/2025\/11\/\u5fae\u4fe1\u56fe\u7247_20240704111916-100x100.jpg",100,100,true]},"uagb_author_info":{"display_name":"jinxing6611@gmail.com","author_link":"https:\/\/www.queencncmachinery.com\/de\/author\/"},"uagb_comment_info":0,"uagb_excerpt":"1.LNC controller,it is big screen,friendly controller which is easy to operate,widely used for cnc router,and support door and cabinet mode to change. 2.Linear tool magazine,can choose max 16 pcs,and it moves with gantry,efficient for tool changer. 3.HQD spindle is widely used,\u00a0very good performance, fit for long time producing in the processing line and easy maintain&hellip;","_links":{"self":[{"href":"https:\/\/www.queencncmachinery.com\/de\/wp-json\/wp\/v2\/product\/3378","targetHints":{"allow":["GET"]}}],"collection":[{"href":"https:\/\/www.queencncmachinery.com\/de\/wp-json\/wp\/v2\/product"}],"about":[{"href":"https:\/\/www.queencncmachinery.com\/de\/wp-json\/wp\/v2\/types\/product"}],"replies":[{"embeddable":true,"href":"https:\/\/www.queencncmachinery.com\/de\/wp-json\/wp\/v2\/comments?post=3378"}],"wp:featuredmedia":[{"embeddable":true,"href":"https:\/\/www.queencncmachinery.com\/de\/wp-json\/wp\/v2\/media\/3381"}],"wp:attachment":[{"href":"https:\/\/www.queencncmachinery.com\/de\/wp-json\/wp\/v2\/media?parent=3378"}],"wp:term":[{"taxonomy":"product_brand","embeddable":true,"href":"https:\/\/www.queencncmachinery.com\/de\/wp-json\/wp\/v2\/product_brand?post=3378"},{"taxonomy":"product_cat","embeddable":true,"href":"https:\/\/www.queencncmachinery.com\/de\/wp-json\/wp\/v2\/product_cat?post=3378"},{"taxonomy":"product_tag","embeddable":true,"href":"https:\/\/www.queencncmachinery.com\/de\/wp-json\/wp\/v2\/product_tag?post=3378"}],"curies":[{"name":"wp","href":"https:\/\/api.w.org\/{rel}","templated":true}]}}