{"id":3632,"date":"2025-11-04T14:08:17","date_gmt":"2025-11-04T14:08:17","guid":{"rendered":"https:\/\/www.queencncmachinery.com\/?page_id=3632"},"modified":"2025-11-05T12:58:07","modified_gmt":"2025-11-05T12:58:07","slug":"news","status":"publish","type":"page","link":"https:\/\/www.queencncmachinery.com\/de\/news\/","title":{"rendered":"Nachrichten"},"content":{"rendered":"<div data-elementor-type=\"wp-page\" data-elementor-id=\"3632\" class=\"elementor elementor-3632\" data-elementor-post-type=\"page\">\n\t\t\t\t<div class=\"elementor-element elementor-element-3612b977 e-flex e-con-boxed e-con e-parent\" data-id=\"3612b977\" data-element_type=\"container\" data-e-type=\"container\" data-settings=\"{&quot;background_background&quot;:&quot;classic&quot;}\">\n\t\t\t\t\t<div class=\"e-con-inner\">\n\t\t<div class=\"elementor-element elementor-element-50462376 e-flex e-con-boxed e-con e-child\" data-id=\"50462376\" data-element_type=\"container\" data-e-type=\"container\">\n\t\t\t\t\t<div class=\"e-con-inner\">\n\t\t\t\t<div class=\"elementor-element elementor-element-4e59adbc elementor-widget elementor-widget-heading\" data-id=\"4e59adbc\" data-element_type=\"widget\" data-e-type=\"widget\" data-widget_type=\"heading.default\">\n\t\t\t\t<div class=\"elementor-widget-container\">\n\t\t\t\t\t<h1 class=\"elementor-heading-title elementor-size-default\">Nachrichten &amp; Artikel<\/h1>\t\t\t\t<\/div>\n\t\t\t\t<\/div>\n\t\t\t\t\t<\/div>\n\t\t\t\t<\/div>\n\t\t\t\t\t<\/div>\n\t\t\t\t<\/div>\n\t\t<div class=\"elementor-element elementor-element-3880d2d6 e-flex e-con-boxed e-con e-parent\" data-id=\"3880d2d6\" data-element_type=\"container\" data-e-type=\"container\">\n\t\t\t\t\t<div class=\"e-con-inner\">\n\t\t<div class=\"elementor-element elementor-element-2f0f9fef e-flex e-con-boxed e-con e-child\" data-id=\"2f0f9fef\" data-element_type=\"container\" data-e-type=\"container\">\n\t\t\t\t\t<div class=\"e-con-inner\">\n\t\t\t\t<div class=\"elementor-element elementor-element-5f7eb6c elementor-grid-3 elementor-grid-tablet-2 elementor-grid-mobile-1 elementor-posts--thumbnail-top elementor-posts--show-avatar elementor-card-shadow-yes elementor-posts__hover-gradient elementor-widget elementor-widget-posts\" data-id=\"5f7eb6c\" data-element_type=\"widget\" data-e-type=\"widget\" data-settings=\"{&quot;cards_columns&quot;:&quot;3&quot;,&quot;cards_columns_tablet&quot;:&quot;2&quot;,&quot;cards_columns_mobile&quot;:&quot;1&quot;,&quot;cards_row_gap&quot;:{&quot;unit&quot;:&quot;px&quot;,&quot;size&quot;:35,&quot;sizes&quot;:[]},&quot;cards_row_gap_tablet&quot;:{&quot;unit&quot;:&quot;px&quot;,&quot;size&quot;:&quot;&quot;,&quot;sizes&quot;:[]},&quot;cards_row_gap_mobile&quot;:{&quot;unit&quot;:&quot;px&quot;,&quot;size&quot;:&quot;&quot;,&quot;sizes&quot;:[]}}\" data-widget_type=\"posts.cards\">\n\t\t\t\t<div class=\"elementor-widget-container\">\n\t\t\t\t\t\t\t<div class=\"elementor-posts-container elementor-posts elementor-posts--skin-cards elementor-grid\" role=\"list\">\n\t\t\t\t<article class=\"elementor-post elementor-grid-item post-4223 post type-post status-publish format-standard has-post-thumbnail hentry category-news\" role=\"listitem\">\n\t\t\t<div class=\"elementor-post__card\">\n\t\t\t\t<a class=\"elementor-post__thumbnail__link\" href=\"https:\/\/www.queencncmachinery.com\/de\/finished-strictly-working-testing-for-4-sets-of-nesting-cnc-router\/\" tabindex=\"-1\" ><div class=\"elementor-post__thumbnail\"><img alt=\"\" decoding=\"async\" width=\"300\" height=\"161\" src=\"https:\/\/www.queencncmachinery.com\/wp-content\/uploads\/2025\/12\/\u5fae\u4fe1\u56fe\u7247_20250616135652_\u526f\u672c-300x161.png\" class=\"attachment-medium size-medium wp-image-4230\" srcset=\"https:\/\/www.queencncmachinery.com\/wp-content\/uploads\/2025\/12\/\u5fae\u4fe1\u56fe\u7247_20250616135652_\u526f\u672c-300x161.png 300w, https:\/\/www.queencncmachinery.com\/wp-content\/uploads\/2025\/12\/\u5fae\u4fe1\u56fe\u7247_20250616135652_\u526f\u672c-1024x551.png 1024w, https:\/\/www.queencncmachinery.com\/wp-content\/uploads\/2025\/12\/\u5fae\u4fe1\u56fe\u7247_20250616135652_\u526f\u672c-768x413.png 768w, https:\/\/www.queencncmachinery.com\/wp-content\/uploads\/2025\/12\/\u5fae\u4fe1\u56fe\u7247_20250616135652_\u526f\u672c-18x10.png 18w, https:\/\/www.queencncmachinery.com\/wp-content\/uploads\/2025\/12\/\u5fae\u4fe1\u56fe\u7247_20250616135652_\u526f\u672c-800x430.png 800w, https:\/\/www.queencncmachinery.com\/wp-content\/uploads\/2025\/12\/\u5fae\u4fe1\u56fe\u7247_20250616135652_\u526f\u672c.png 1076w\" sizes=\"(max-width: 300px) 100vw, 300px\" \/><\/div><\/a>\n\t\t\t\t<div class=\"elementor-post__badge\">Nachrichten<\/div>\n\t\t\t\t<div class=\"elementor-post__avatar\">\n\t\t\t<img alt='jinxing6611@gmail.com' src='https:\/\/secure.gravatar.com\/avatar\/3e402e2873bc6bbb4fd312757aef3f820eace40f44660b49a40b976e2893c594?s=128&#038;d=mm&#038;r=g' srcset='https:\/\/secure.gravatar.com\/avatar\/3e402e2873bc6bbb4fd312757aef3f820eace40f44660b49a40b976e2893c594?s=256&#038;d=mm&#038;r=g 2x' class='avatar avatar-128 photo' height='128' width='128' \/>\t\t<\/div>\n\t\t\t\t<div class=\"elementor-post__text\">\n\t\t\t\t<h3 class=\"elementor-post__title\">\n\t\t\t<a href=\"https:\/\/www.queencncmachinery.com\/de\/finished-strictly-working-testing-for-4-sets-of-nesting-cnc-router\/\" >\n\t\t\t\tBeendete streng funktionierende Tests f\u00fcr 4 S\u00e4tze von Nesting cnc Router\t\t\t<\/a>\n\t\t<\/h3>\n\t\t\t\t<div class=\"elementor-post__excerpt\">\n\t\t\t<p>Halten Sie jede Maschine Pr\u00e4zision innerhalb von 0,1 mm, und versuchen unser Bestes, um die Anforderungen der Kunden zu erf\u00fcllen. Es ist ein Nesting atc cnc Router mit Kennzeichnung Tabelle, Be-und Entladen, Bohren Bank und S\u00e4ge. Die Vorteile der Maschine sind: Vorteile von Be-\/Entlade-, Etikettier-, Mehrspindel-Bohr- und Graviermaschinen Diese Art von integrierten Maschinen kombiniert mehrere kritische Holzbearbeitungs- oder Plattenbearbeitungsschritte in<\/p>\n\t\t<\/div>\n\t\t\n\t\t<a class=\"elementor-post__read-more\" href=\"https:\/\/www.queencncmachinery.com\/de\/finished-strictly-working-testing-for-4-sets-of-nesting-cnc-router\/\" aria-label=\"Read more about Finished strictly working testing for 4 sets of nesting cnc router\" tabindex=\"-1\" >\n\t\t\tMehr lesen \"\t\t<\/a>\n\n\t\t\t\t<\/div>\n\t\t\t\t<div class=\"elementor-post__meta-data\">\n\t\t\t\t\t<span class=\"elementor-post-date\">\n\t\t\tDezember 19, 2025\t\t<\/span>\n\t\t\t\t<span class=\"elementor-post-avatar\">\n\t\t\tKeine Kommentare\t\t<\/span>\n\t\t\t\t<\/div>\n\t\t\t\t\t<\/div>\n\t\t<\/article>\n\t\t\t\t<article class=\"elementor-post elementor-grid-item post-4155 post type-post status-publish format-standard has-post-thumbnail hentry category-news\" role=\"listitem\">\n\t\t\t<div class=\"elementor-post__card\">\n\t\t\t\t<a class=\"elementor-post__thumbnail__link\" href=\"https:\/\/www.queencncmachinery.com\/de\/strict-cnc-router-machine-working-testing-before-sending\/\" tabindex=\"-1\" ><div class=\"elementor-post__thumbnail\"><img alt=\"\" decoding=\"async\" width=\"300\" height=\"162\" src=\"https:\/\/www.queencncmachinery.com\/wp-content\/uploads\/2025\/11\/QQ20251128-141601-300x162.png\" class=\"attachment-medium size-medium wp-image-4163\" srcset=\"https:\/\/www.queencncmachinery.com\/wp-content\/uploads\/2025\/11\/QQ20251128-141601-300x162.png 300w, https:\/\/www.queencncmachinery.com\/wp-content\/uploads\/2025\/11\/QQ20251128-141601-1024x553.png 1024w, https:\/\/www.queencncmachinery.com\/wp-content\/uploads\/2025\/11\/QQ20251128-141601-768x415.png 768w, https:\/\/www.queencncmachinery.com\/wp-content\/uploads\/2025\/11\/QQ20251128-141601-18x10.png 18w, https:\/\/www.queencncmachinery.com\/wp-content\/uploads\/2025\/11\/QQ20251128-141601-800x432.png 800w, https:\/\/www.queencncmachinery.com\/wp-content\/uploads\/2025\/11\/QQ20251128-141601.png 1099w\" sizes=\"(max-width: 300px) 100vw, 300px\" \/><\/div><\/a>\n\t\t\t\t<div class=\"elementor-post__badge\">Nachrichten<\/div>\n\t\t\t\t<div class=\"elementor-post__avatar\">\n\t\t\t<img alt='jinxing6611@gmail.com' src='https:\/\/secure.gravatar.com\/avatar\/3e402e2873bc6bbb4fd312757aef3f820eace40f44660b49a40b976e2893c594?s=128&#038;d=mm&#038;r=g' srcset='https:\/\/secure.gravatar.com\/avatar\/3e402e2873bc6bbb4fd312757aef3f820eace40f44660b49a40b976e2893c594?s=256&#038;d=mm&#038;r=g 2x' class='avatar avatar-128 photo' height='128' width='128' \/>\t\t<\/div>\n\t\t\t\t<div class=\"elementor-post__text\">\n\t\t\t\t<h3 class=\"elementor-post__title\">\n\t\t\t<a href=\"https:\/\/www.queencncmachinery.com\/de\/strict-cnc-router-machine-working-testing-before-sending\/\" >\n\t\t\t\tStrenge CNC-Router-Maschinen-Arbeitspr\u00fcfung vor der Auslieferung\t\t\t<\/a>\n\t\t<\/h3>\n\t\t\t\t<div class=\"elementor-post__excerpt\">\n\t\t\t<p>I. Qualit\u00e4tspr\u00fcfung bei Ankunft 1. Nach dem Eintreffen der bearbeiteten Teile sind diese gem\u00e4\u00df den Zeichnungen auf Fehler, Schwei\u00dfn\u00e4hte und Grate zu pr\u00fcfen. 2. Nachdem das Bett und die bearbeiteten Teile gespritzt worden sind, pr\u00fcfen Sie, ob die Oberfl\u00e4che im Werk ungleichm\u00e4\u00dfig gespritzt wurde und ob die Spachtelmasse gleichm\u00e4\u00dfig ist. II. Montage der Werkbank 1. kratzen<\/p>\n\t\t<\/div>\n\t\t\n\t\t<a class=\"elementor-post__read-more\" href=\"https:\/\/www.queencncmachinery.com\/de\/strict-cnc-router-machine-working-testing-before-sending\/\" aria-label=\"Read more about Strict CNC Router Machine Working Testing Before Sending\" tabindex=\"-1\" >\n\t\t\tMehr lesen \"\t\t<\/a>\n\n\t\t\t\t<\/div>\n\t\t\t\t<div class=\"elementor-post__meta-data\">\n\t\t\t\t\t<span class=\"elementor-post-date\">\n\t\t\tNovember 28, 2025\t\t<\/span>\n\t\t\t\t<span class=\"elementor-post-avatar\">\n\t\t\tKeine Kommentare\t\t<\/span>\n\t\t\t\t<\/div>\n\t\t\t\t\t<\/div>\n\t\t<\/article>\n\t\t\t\t<article class=\"elementor-post elementor-grid-item post-4058 post type-post status-publish format-standard has-post-thumbnail hentry category-news\" role=\"listitem\">\n\t\t\t<div class=\"elementor-post__card\">\n\t\t\t\t<a class=\"elementor-post__thumbnail__link\" href=\"https:\/\/www.queencncmachinery.com\/de\/our-cnc-machines-in-indonesia\/\" tabindex=\"-1\" ><div class=\"elementor-post__thumbnail\"><img alt=\"\" fetchpriority=\"high\" decoding=\"async\" width=\"300\" height=\"225\" src=\"https:\/\/www.queencncmachinery.com\/wp-content\/uploads\/2025\/11\/Photo-6-300x225.jpg\" class=\"attachment-medium size-medium wp-image-3437\" srcset=\"https:\/\/www.queencncmachinery.com\/wp-content\/uploads\/2025\/11\/Photo-6-300x225.jpg 300w, https:\/\/www.queencncmachinery.com\/wp-content\/uploads\/2025\/11\/Photo-6-scaled-800x600.jpg 800w, https:\/\/www.queencncmachinery.com\/wp-content\/uploads\/2025\/11\/Photo-6-1024x768.jpg 1024w, https:\/\/www.queencncmachinery.com\/wp-content\/uploads\/2025\/11\/Photo-6-768x576.jpg 768w, https:\/\/www.queencncmachinery.com\/wp-content\/uploads\/2025\/11\/Photo-6-1536x1152.jpg 1536w, https:\/\/www.queencncmachinery.com\/wp-content\/uploads\/2025\/11\/Photo-6-2048x1536.jpg 2048w, https:\/\/www.queencncmachinery.com\/wp-content\/uploads\/2025\/11\/Photo-6-16x12.jpg 16w\" sizes=\"(max-width: 300px) 100vw, 300px\" \/><\/div><\/a>\n\t\t\t\t<div class=\"elementor-post__badge\">Nachrichten<\/div>\n\t\t\t\t<div class=\"elementor-post__avatar\">\n\t\t\t<img alt='jinxing6611@gmail.com' src='https:\/\/secure.gravatar.com\/avatar\/3e402e2873bc6bbb4fd312757aef3f820eace40f44660b49a40b976e2893c594?s=128&#038;d=mm&#038;r=g' srcset='https:\/\/secure.gravatar.com\/avatar\/3e402e2873bc6bbb4fd312757aef3f820eace40f44660b49a40b976e2893c594?s=256&#038;d=mm&#038;r=g 2x' class='avatar avatar-128 photo' height='128' width='128' \/>\t\t<\/div>\n\t\t\t\t<div class=\"elementor-post__text\">\n\t\t\t\t<h3 class=\"elementor-post__title\">\n\t\t\t<a href=\"https:\/\/www.queencncmachinery.com\/de\/our-cnc-machines-in-indonesia\/\" >\n\t\t\t\tUnsere CNC-Maschinen in Indonesien\t\t\t<\/a>\n\t\t<\/h3>\n\t\t\t\t<div class=\"elementor-post__excerpt\">\n\t\t\t<p>Eine einmalige Zusammenarbeit wird eine langfristige Zusammenarbeit bringen! Dies ist ein netter Kunde, den wir auf exhibition.he und sein Freund kaufte 1350 Karussell atc, 1325 150w Lasermaschine von uns in 2017.And dann kaufte 2 S\u00e4tze von 2050 atc, 1 Satz digitale Messerschneidemaschine, CNC-Holz-Drehmaschine von uns in 2021.they sind sehr gl\u00fccklich f\u00fcr unsere<\/p>\n\t\t<\/div>\n\t\t\n\t\t<a class=\"elementor-post__read-more\" href=\"https:\/\/www.queencncmachinery.com\/de\/our-cnc-machines-in-indonesia\/\" aria-label=\"Read more about Our CNC Machines in Indonesia\" tabindex=\"-1\" >\n\t\t\tMehr lesen \"\t\t<\/a>\n\n\t\t\t\t<\/div>\n\t\t\t\t<div class=\"elementor-post__meta-data\">\n\t\t\t\t\t<span class=\"elementor-post-date\">\n\t\t\tNovember 27, 2025\t\t<\/span>\n\t\t\t\t<span class=\"elementor-post-avatar\">\n\t\t\tKeine Kommentare\t\t<\/span>\n\t\t\t\t<\/div>\n\t\t\t\t\t<\/div>\n\t\t<\/article>\n\t\t\t\t<article class=\"elementor-post elementor-grid-item post-4029 post type-post status-publish format-standard has-post-thumbnail hentry category-news\" role=\"listitem\">\n\t\t\t<div class=\"elementor-post__card\">\n\t\t\t\t<a class=\"elementor-post__thumbnail__link\" href=\"https:\/\/www.queencncmachinery.com\/de\/our-technician-in-peru-for-fiber-cutting-machine-training-for-service\/\" tabindex=\"-1\" ><div class=\"elementor-post__thumbnail\"><img alt=\"\" loading=\"lazy\" decoding=\"async\" width=\"300\" height=\"225\" src=\"https:\/\/www.queencncmachinery.com\/wp-content\/uploads\/2025\/11\/IMG_8935-300x225.jpg\" class=\"attachment-medium size-medium wp-image-3551\" srcset=\"https:\/\/www.queencncmachinery.com\/wp-content\/uploads\/2025\/11\/IMG_8935-300x225.jpg 300w, https:\/\/www.queencncmachinery.com\/wp-content\/uploads\/2025\/11\/IMG_8935-scaled-800x600.jpg 800w, https:\/\/www.queencncmachinery.com\/wp-content\/uploads\/2025\/11\/IMG_8935-1024x768.jpg 1024w, https:\/\/www.queencncmachinery.com\/wp-content\/uploads\/2025\/11\/IMG_8935-768x576.jpg 768w, https:\/\/www.queencncmachinery.com\/wp-content\/uploads\/2025\/11\/IMG_8935-1536x1152.jpg 1536w, https:\/\/www.queencncmachinery.com\/wp-content\/uploads\/2025\/11\/IMG_8935-2048x1536.jpg 2048w, https:\/\/www.queencncmachinery.com\/wp-content\/uploads\/2025\/11\/IMG_8935-16x12.jpg 16w\" sizes=\"(max-width: 300px) 100vw, 300px\" \/><\/div><\/a>\n\t\t\t\t<div class=\"elementor-post__badge\">Nachrichten<\/div>\n\t\t\t\t<div class=\"elementor-post__avatar\">\n\t\t\t<img alt='jinxing6611@gmail.com' src='https:\/\/secure.gravatar.com\/avatar\/3e402e2873bc6bbb4fd312757aef3f820eace40f44660b49a40b976e2893c594?s=128&#038;d=mm&#038;r=g' srcset='https:\/\/secure.gravatar.com\/avatar\/3e402e2873bc6bbb4fd312757aef3f820eace40f44660b49a40b976e2893c594?s=256&#038;d=mm&#038;r=g 2x' class='avatar avatar-128 photo' height='128' width='128' \/>\t\t<\/div>\n\t\t\t\t<div class=\"elementor-post__text\">\n\t\t\t\t<h3 class=\"elementor-post__title\">\n\t\t\t<a href=\"https:\/\/www.queencncmachinery.com\/de\/our-technician-in-peru-for-fiber-cutting-machine-training-for-service\/\" >\n\t\t\t\tUnser Techniker in Peru f\u00fcr die Schulung und den Service von Faserschneidemaschinen\t\t\t<\/a>\n\t\t<\/h3>\n\t\t\t\t<div class=\"elementor-post__excerpt\">\n\t\t\t<p>1. wie gut f\u00fcr Erdungskabel zu verbinden? Brauchen Sie eine Eisenstange in den Boden eingef\u00fcgt, besser etwa 1,5 m tief in den Boden, und schlie\u00dfen Sie den Erdungsdraht an der Spitze der Eisenstange.Der Boden muss nass sein, f\u00fcgen Sie etwas Salzwasser. 2. Wie pr\u00fcft man, ob die Zahnstange und das Ritzel der Y-Achse Spiel haben? Wenn die<\/p>\n\t\t<\/div>\n\t\t\n\t\t<a class=\"elementor-post__read-more\" href=\"https:\/\/www.queencncmachinery.com\/de\/our-technician-in-peru-for-fiber-cutting-machine-training-for-service\/\" aria-label=\"Read more about Our technician in Peru for fiber cutting machine training and service\" tabindex=\"-1\" >\n\t\t\tMehr lesen \"\t\t<\/a>\n\n\t\t\t\t<\/div>\n\t\t\t\t<div class=\"elementor-post__meta-data\">\n\t\t\t\t\t<span class=\"elementor-post-date\">\n\t\t\tNovember 19, 2025\t\t<\/span>\n\t\t\t\t<span class=\"elementor-post-avatar\">\n\t\t\tKeine Kommentare\t\t<\/span>\n\t\t\t\t<\/div>\n\t\t\t\t\t<\/div>\n\t\t<\/article>\n\t\t\t\t<article class=\"elementor-post elementor-grid-item post-3666 post type-post status-publish format-standard has-post-thumbnail hentry category-news\" role=\"listitem\">\n\t\t\t<div class=\"elementor-post__card\">\n\t\t\t\t<a class=\"elementor-post__thumbnail__link\" href=\"https:\/\/www.queencncmachinery.com\/de\/consider-your-application-and-work-requirements\/\" tabindex=\"-1\" ><div class=\"elementor-post__thumbnail\"><img alt=\"\" loading=\"lazy\" decoding=\"async\" width=\"225\" height=\"300\" src=\"https:\/\/www.queencncmachinery.com\/wp-content\/uploads\/2025\/11\/78-e1764301619702-225x300.jpg\" class=\"attachment-medium size-medium wp-image-3885\" srcset=\"https:\/\/www.queencncmachinery.com\/wp-content\/uploads\/2025\/11\/78-e1764301619702-225x300.jpg 225w, https:\/\/www.queencncmachinery.com\/wp-content\/uploads\/2025\/11\/78-e1764301619702-768x1024.jpg 768w, https:\/\/www.queencncmachinery.com\/wp-content\/uploads\/2025\/11\/78-e1764301619702-1152x1536.jpg 1152w, https:\/\/www.queencncmachinery.com\/wp-content\/uploads\/2025\/11\/78-e1764301619702-9x12.jpg 9w, https:\/\/www.queencncmachinery.com\/wp-content\/uploads\/2025\/11\/78-e1764301619702-800x1067.jpg 800w, https:\/\/www.queencncmachinery.com\/wp-content\/uploads\/2025\/11\/78-e1764301619702.jpg 1200w\" sizes=\"(max-width: 225px) 100vw, 225px\" \/><\/div><\/a>\n\t\t\t\t<div class=\"elementor-post__badge\">Nachrichten<\/div>\n\t\t\t\t<div class=\"elementor-post__avatar\">\n\t\t\t<img alt='jinxing6611@gmail.com' src='https:\/\/secure.gravatar.com\/avatar\/3e402e2873bc6bbb4fd312757aef3f820eace40f44660b49a40b976e2893c594?s=128&#038;d=mm&#038;r=g' srcset='https:\/\/secure.gravatar.com\/avatar\/3e402e2873bc6bbb4fd312757aef3f820eace40f44660b49a40b976e2893c594?s=256&#038;d=mm&#038;r=g 2x' class='avatar avatar-128 photo' height='128' width='128' \/>\t\t<\/div>\n\t\t\t\t<div class=\"elementor-post__text\">\n\t\t\t\t<h3 class=\"elementor-post__title\">\n\t\t\t<a href=\"https:\/\/www.queencncmachinery.com\/de\/consider-your-application-and-work-requirements\/\" >\n\t\t\t\tBer\u00fccksichtigen Sie Ihre Bewerbung und Ihre Arbeitsanforderungen\t\t\t<\/a>\n\t\t<\/h3>\n\t\t\t\t<div class=\"elementor-post__excerpt\">\n\t\t\t<p>Der erste Schritt bei der Auswahl einer CNC-Fr\u00e4smaschine besteht darin, Ihre spezifische Anwendung und Ihre Arbeitsanforderungen zu bestimmen. Werden Sie die Maschine f\u00fcr die Holzbearbeitung, die Metallbearbeitung, die Schilderherstellung oder eine andere Branche verwenden? Verschiedene Anwendungen erfordern unterschiedliche Merkmale und F\u00e4higkeiten einer CNC-Fr\u00e4smaschine. Wenn Sie zum Beispiel mit Holz arbeiten, ist eine Maschine mit einer<\/p>\n\t\t<\/div>\n\t\t\n\t\t<a class=\"elementor-post__read-more\" href=\"https:\/\/www.queencncmachinery.com\/de\/consider-your-application-and-work-requirements\/\" aria-label=\"Read more about Consider Your Application and Work Requirements\" tabindex=\"-1\" >\n\t\t\tMehr lesen \"\t\t<\/a>\n\n\t\t\t\t<\/div>\n\t\t\t\t<div class=\"elementor-post__meta-data\">\n\t\t\t\t\t<span class=\"elementor-post-date\">\n\t\t\tNovember 5, 2025\t\t<\/span>\n\t\t\t\t<span class=\"elementor-post-avatar\">\n\t\t\tKeine Kommentare\t\t<\/span>\n\t\t\t\t<\/div>\n\t\t\t\t\t<\/div>\n\t\t<\/article>\n\t\t\t\t<article class=\"elementor-post elementor-grid-item post-3662 post type-post status-publish format-standard has-post-thumbnail hentry category-news\" role=\"listitem\">\n\t\t\t<div class=\"elementor-post__card\">\n\t\t\t\t<a class=\"elementor-post__thumbnail__link\" href=\"https:\/\/www.queencncmachinery.com\/de\/howtochooseagoodqualitycncroutermachine\/\" tabindex=\"-1\" ><div class=\"elementor-post__thumbnail\"><img alt=\"\" loading=\"lazy\" decoding=\"async\" width=\"300\" height=\"225\" src=\"https:\/\/www.queencncmachinery.com\/wp-content\/uploads\/2025\/11\/IMG_3320-300x225.jpg\" class=\"attachment-medium size-medium wp-image-4047\" srcset=\"https:\/\/www.queencncmachinery.com\/wp-content\/uploads\/2025\/11\/IMG_3320-300x225.jpg 300w, https:\/\/www.queencncmachinery.com\/wp-content\/uploads\/2025\/11\/IMG_3320-1024x768.jpg 1024w, https:\/\/www.queencncmachinery.com\/wp-content\/uploads\/2025\/11\/IMG_3320-768x576.jpg 768w, https:\/\/www.queencncmachinery.com\/wp-content\/uploads\/2025\/11\/IMG_3320-1536x1152.jpg 1536w, https:\/\/www.queencncmachinery.com\/wp-content\/uploads\/2025\/11\/IMG_3320-2048x1536.jpg 2048w, https:\/\/www.queencncmachinery.com\/wp-content\/uploads\/2025\/11\/IMG_3320-16x12.jpg 16w, https:\/\/www.queencncmachinery.com\/wp-content\/uploads\/2025\/11\/IMG_3320-800x600.jpg 800w\" sizes=\"(max-width: 300px) 100vw, 300px\" \/><\/div><\/a>\n\t\t\t\t<div class=\"elementor-post__badge\">Nachrichten<\/div>\n\t\t\t\t<div class=\"elementor-post__avatar\">\n\t\t\t<img alt='jinxing6611@gmail.com' src='https:\/\/secure.gravatar.com\/avatar\/3e402e2873bc6bbb4fd312757aef3f820eace40f44660b49a40b976e2893c594?s=128&#038;d=mm&#038;r=g' srcset='https:\/\/secure.gravatar.com\/avatar\/3e402e2873bc6bbb4fd312757aef3f820eace40f44660b49a40b976e2893c594?s=256&#038;d=mm&#038;r=g 2x' class='avatar avatar-128 photo' height='128' width='128' \/>\t\t<\/div>\n\t\t\t\t<div class=\"elementor-post__text\">\n\t\t\t\t<h3 class=\"elementor-post__title\">\n\t\t\t<a href=\"https:\/\/www.queencncmachinery.com\/de\/howtochooseagoodqualitycncroutermachine\/\" >\n\t\t\t\tWie man eine hochwertige CNC-Fr\u00e4smaschine ausw\u00e4hlt\t\t\t<\/a>\n\t\t<\/h3>\n\t\t\t\t<div class=\"elementor-post__excerpt\">\n\t\t\t<p>#Herausw\u00e4hleneinerQualit\u00e4ts-CNC-Router-Maschine In der modernen Fertigungs- und Verarbeitungsindustrie ist die CNC-Router-Maschine zu einem unverzichtbaren Werkzeug geworden. Sie bietet hohe Pr\u00e4zision, Effizienz und Flexibilit\u00e4t und erm\u00f6glicht die Erstellung komplexer und komplizierter Designs auf verschiedenen Materialien. Bei dem gro\u00dfen Angebot an CNC-Fr\u00e4smaschinen auf dem Markt kann es jedoch schwierig sein, eine qualitativ hochwertige Maschine auszuw\u00e4hlen.<\/p>\n\t\t<\/div>\n\t\t\n\t\t<a class=\"elementor-post__read-more\" href=\"https:\/\/www.queencncmachinery.com\/de\/howtochooseagoodqualitycncroutermachine\/\" aria-label=\"Read more about How to Choose a Good Quality CNC Router Machine\" tabindex=\"-1\" >\n\t\t\tMehr lesen \"\t\t<\/a>\n\n\t\t\t\t<\/div>\n\t\t\t\t<div class=\"elementor-post__meta-data\">\n\t\t\t\t\t<span class=\"elementor-post-date\">\n\t\t\tNovember 5, 2025\t\t<\/span>\n\t\t\t\t<span class=\"elementor-post-avatar\">\n\t\t\tKeine Kommentare\t\t<\/span>\n\t\t\t\t<\/div>\n\t\t\t\t\t<\/div>\n\t\t<\/article>\n\t\t\t\t<\/div>\n\t\t\n\t\t\t\t\t\t<\/div>\n\t\t\t\t<\/div>\n\t\t\t\t\t<\/div>\n\t\t\t\t<\/div>\n\t\t\t\t\t<\/div>\n\t\t\t\t<\/div>\n\t\t\t\t<\/div>","protected":false},"excerpt":{"rendered":"<p>Nachrichten &amp; Artikel<\/p>","protected":false},"author":1,"featured_media":0,"parent":0,"menu_order":0,"comment_status":"closed","ping_status":"closed","template":"","meta":{"_seopress_robots_primary_cat":"","_seopress_titles_title":"","_seopress_titles_desc":"","_seopress_robots_index":"","_uag_custom_page_level_css":"","site-sidebar-layout":"no-sidebar","site-content-layout":"page-builder","ast-site-content-layout":"full-width-container","site-content-style":"default","site-sidebar-style":"default","ast-global-header-display":"","ast-banner-title-visibility":"","ast-main-header-display":"","ast-hfb-above-header-display":"","ast-hfb-below-header-display":"","ast-hfb-mobile-header-display":"","site-post-title":"","ast-breadcrumbs-content":"","ast-featured-img":"disabled","footer-sml-layout":"","ast-disable-related-posts":"","theme-transparent-header-meta":"","adv-header-id-meta":"","stick-header-meta":"","header-above-stick-meta":"","header-main-stick-meta":"","header-below-stick-meta":"","astra-migrate-meta-layouts":"set","ast-page-background-enabled":"default","ast-page-background-meta":{"desktop":{"background-color":"","background-image":"","background-repeat":"repeat","background-position":"center center","background-size":"auto","background-attachment":"scroll","background-type":"","background-media":"","overlay-type":"","overlay-color":"","overlay-opacity":"","overlay-gradient":""},"tablet":{"background-color":"","background-image":"","background-repeat":"repeat","background-position":"center center","background-size":"auto","background-attachment":"scroll","background-type":"","background-media":"","overlay-type":"","overlay-color":"","overlay-opacity":"","overlay-gradient":""},"mobile":{"background-color":"","background-image":"","background-repeat":"repeat","background-position":"center center","background-size":"auto","background-attachment":"scroll","background-type":"","background-media":"","overlay-type":"","overlay-color":"","overlay-opacity":"","overlay-gradient":""}},"ast-content-background-meta":{"desktop":{"background-color":"var(--ast-global-color-5)","background-image":"","background-repeat":"repeat","background-position":"center center","background-size":"auto","background-attachment":"scroll","background-type":"","background-media":"","overlay-type":"","overlay-color":"","overlay-opacity":"","overlay-gradient":""},"tablet":{"background-color":"var(--ast-global-color-5)","background-image":"","background-repeat":"repeat","background-position":"center center","background-size":"auto","background-attachment":"scroll","background-type":"","background-media":"","overlay-type":"","overlay-color":"","overlay-opacity":"","overlay-gradient":""},"mobile":{"background-color":"var(--ast-global-color-5)","background-image":"","background-repeat":"repeat","background-position":"center center","background-size":"auto","background-attachment":"scroll","background-type":"","background-media":"","overlay-type":"","overlay-color":"","overlay-opacity":"","overlay-gradient":""}},"footnotes":""},"class_list":["post-3632","page","type-page","status-publish","hentry"],"uagb_featured_image_src":{"full":false,"thumbnail":false,"medium":false,"medium_large":false,"large":false,"1536x1536":false,"2048x2048":false,"trp-custom-language-flag":false,"woocommerce_thumbnail":false,"woocommerce_single":false,"woocommerce_gallery_thumbnail":false},"uagb_author_info":{"display_name":"jinxing6611@gmail.com","author_link":"https:\/\/www.queencncmachinery.com\/de\/author\/jinxing6611gmail-com\/"},"uagb_comment_info":0,"uagb_excerpt":"News &amp; Article","_links":{"self":[{"href":"https:\/\/www.queencncmachinery.com\/de\/wp-json\/wp\/v2\/pages\/3632","targetHints":{"allow":["GET"]}}],"collection":[{"href":"https:\/\/www.queencncmachinery.com\/de\/wp-json\/wp\/v2\/pages"}],"about":[{"href":"https:\/\/www.queencncmachinery.com\/de\/wp-json\/wp\/v2\/types\/page"}],"author":[{"embeddable":true,"href":"https:\/\/www.queencncmachinery.com\/de\/wp-json\/wp\/v2\/users\/1"}],"replies":[{"embeddable":true,"href":"https:\/\/www.queencncmachinery.com\/de\/wp-json\/wp\/v2\/comments?post=3632"}],"version-history":[{"count":10,"href":"https:\/\/www.queencncmachinery.com\/de\/wp-json\/wp\/v2\/pages\/3632\/revisions"}],"predecessor-version":[{"id":3747,"href":"https:\/\/www.queencncmachinery.com\/de\/wp-json\/wp\/v2\/pages\/3632\/revisions\/3747"}],"wp:attachment":[{"href":"https:\/\/www.queencncmachinery.com\/de\/wp-json\/wp\/v2\/media?parent=3632"}],"curies":[{"name":"wp","href":"https:\/\/api.w.org\/{rel}","templated":true}]}}